{"id":11312,"date":"2021-05-25T20:49:25","date_gmt":"2021-05-25T18:49:25","guid":{"rendered":"https:\/\/lgspeiteng.lu\/f\/20210417-lu-diekirch-trimagesch-jocapi"},"modified":"2021-05-25T21:02:50","modified_gmt":"2021-05-25T19:02:50","slug":"20210417-lu-diekirch-trimagesch-jocapi","status":"publish","type":"page","link":"https:\/\/lgspeiteng.lu\/fr_FR\/f\/20210417-lu-diekirch-trimagesch-jocapi","title":{"rendered":"20210417 LU, Diekirch &#8211; Trimagesch JoCaPi"},"content":{"rendered":"\n    <div class=\"tiled-gallery type-rectangular tiled-gallery-unresized\"\n         data-original-width=\"1200\"\n         itemscope itemtype=\"http:\/\/schema.org\/ImageGallery\">\n                        <div class=\"gallery-row\"\n         style=\"width: 1200px;\n                height: 601px;\"\n         data-original-width=\"1200\"\n         data-original-height=\"601\">\n                    <div class=\"gallery-group images-1\"\n                 style=\"width: 800px;\n                        height: 601px;\"\n                 data-original-width=\"800\"\n                 data-original-height=\"601\">\n                    <div class=\"tiled-gallery-item\"\n         itemprop=\"associatedMedia\"\n         itemscope\n         itemtype=\"http:\/\/schema.org\/ImageObject\">\n                                <a href='https:\/\/lgspeiteng.lu\/wp-content\/gallery\/20210417-lu-diekirch-trimagesch-jocapi\/202104171024306608.jpg'\n               border='0'\n               itemprop='url'\n               title=\"\"\n               class=\u201dfancybox\u201d rel=\u201d0b17091c94eccec36e0093621cbeecb5\u201d               data-image-id=\"58\"\n               data-title=\"202104171024306608\"\n               data-description=\"\">\n                <meta itemprop=\"width\" content=\"796\">\n                <meta itemprop=\"height\" content=\"597\">\n                <picture>\n\t\n<source srcset='https:\/\/lgspeiteng.lu\/wp-content\/gallery\/20210417-lu-diekirch-trimagesch-jocapi\/cache\/202104171024306608.jpg-nggid0258-ngg0dyn-800x600-00f0w010c010r110f110r010t010.jpg' media=''>\n<img itemprop=\"http:\/\/schema.org\/image\" data-original-width=\"796\" data-original-height=\"597\" style=\"width: 796px;\n                                        height: 597px;\" title=\"202104171024306608\" alt=\"202104171024306608\" width=\"800\" height=\"600\" src=\"https:\/\/lgspeiteng.lu\/wp-content\/gallery\/20210417-lu-diekirch-trimagesch-jocapi\/cache\/202104171024306608.jpg-nggid0258-ngg0dyn-800x600-00f0w010c010r110f110r010t010.jpg\" srcset=\"https:\/\/lgspeiteng.lu\/wp-content\/gallery\/20210417-lu-diekirch-trimagesch-jocapi\/cache\/202104171024306608.jpg-nggid0258-ngg0dyn-800x600-00f0w010c010r110f110r010t010.jpg\" onerror=\"nggRetryFailedImage(this);\"\/>\n<\/picture>            <\/a>\n            <\/div>\n            <\/div>\n                    <div class=\"gallery-group images-2\"\n                 style=\"width: 400px;\n                        height: 601px;\"\n                 data-original-width=\"400\"\n                 data-original-height=\"601\">\n                    <div class=\"tiled-gallery-item\"\n         itemprop=\"associatedMedia\"\n         itemscope\n         itemtype=\"http:\/\/schema.org\/ImageObject\">\n                                <a href='https:\/\/lgspeiteng.lu\/wp-content\/gallery\/20210417-lu-diekirch-trimagesch-jocapi\/202104171028476609.jpg'\n               border='0'\n               itemprop='url'\n               title=\"\"\n               class=\u201dfancybox\u201d rel=\u201d0b17091c94eccec36e0093621cbeecb5\u201d               data-image-id=\"57\"\n               data-title=\"202104171028476609\"\n               data-description=\"\">\n                <meta itemprop=\"width\" content=\"396\">\n                <meta itemprop=\"height\" content=\"297\">\n                <picture>\n\t\n<source srcset='https:\/\/lgspeiteng.lu\/wp-content\/gallery\/20210417-lu-diekirch-trimagesch-jocapi\/cache\/202104171028476609.jpg-nggid0257-ngg0dyn-800x600-00f0w010c010r110f110r010t010.jpg' media=''>\n<img itemprop=\"http:\/\/schema.org\/image\" data-original-width=\"396\" data-original-height=\"297\" style=\"width: 396px;\n                                        height: 297px;\" title=\"202104171028476609\" alt=\"202104171028476609\" width=\"800\" height=\"600\" src=\"https:\/\/lgspeiteng.lu\/wp-content\/gallery\/20210417-lu-diekirch-trimagesch-jocapi\/cache\/202104171028476609.jpg-nggid0257-ngg0dyn-800x600-00f0w010c010r110f110r010t010.jpg\" srcset=\"https:\/\/lgspeiteng.lu\/wp-content\/gallery\/20210417-lu-diekirch-trimagesch-jocapi\/cache\/202104171028476609.jpg-nggid0257-ngg0dyn-800x600-00f0w010c010r110f110r010t010.jpg\" onerror=\"nggRetryFailedImage(this);\"\/>\n<\/picture>            <\/a>\n            <\/div>\n    <div class=\"tiled-gallery-item\"\n         itemprop=\"associatedMedia\"\n         itemscope\n         itemtype=\"http:\/\/schema.org\/ImageObject\">\n                                <a href='https:\/\/lgspeiteng.lu\/wp-content\/gallery\/20210417-lu-diekirch-trimagesch-jocapi\/202104171113116613.jpg'\n               border='0'\n               itemprop='url'\n               title=\"\"\n               class=\u201dfancybox\u201d rel=\u201d0b17091c94eccec36e0093621cbeecb5\u201d               data-image-id=\"62\"\n               data-title=\"202104171113116613\"\n               data-description=\"\">\n                <meta itemprop=\"width\" content=\"396\">\n                <meta itemprop=\"height\" content=\"296\">\n                <picture>\n\t\n<source srcset='https:\/\/lgspeiteng.lu\/wp-content\/gallery\/20210417-lu-diekirch-trimagesch-jocapi\/cache\/202104171113116613.jpg-nggid0262-ngg0dyn-800x600-00f0w010c010r110f110r010t010.jpg' media=''>\n<img itemprop=\"http:\/\/schema.org\/image\" data-original-width=\"396\" data-original-height=\"296\" style=\"width: 396px;\n                                        height: 296px;\" title=\"202104171113116613\" alt=\"202104171113116613\" width=\"800\" height=\"600\" src=\"https:\/\/lgspeiteng.lu\/wp-content\/gallery\/20210417-lu-diekirch-trimagesch-jocapi\/cache\/202104171113116613.jpg-nggid0262-ngg0dyn-800x600-00f0w010c010r110f110r010t010.jpg\" srcset=\"https:\/\/lgspeiteng.lu\/wp-content\/gallery\/20210417-lu-diekirch-trimagesch-jocapi\/cache\/202104171113116613.jpg-nggid0262-ngg0dyn-800x600-00f0w010c010r110f110r010t010.jpg\" onerror=\"nggRetryFailedImage(this);\"\/>\n<\/picture>            <\/a>\n            <\/div>\n            <\/div>\n            <\/div>\n    <div class=\"gallery-row\"\n         style=\"width: 1200px;\n                height: 301px;\"\n         data-original-width=\"1200\"\n         data-original-height=\"301\">\n                    <div class=\"gallery-group images-1\"\n                 style=\"width: 400px;\n                        height: 301px;\"\n                 data-original-width=\"400\"\n                 data-original-height=\"301\">\n                    <div class=\"tiled-gallery-item\"\n         itemprop=\"associatedMedia\"\n         itemscope\n         itemtype=\"http:\/\/schema.org\/ImageObject\">\n                                <a href='https:\/\/lgspeiteng.lu\/wp-content\/gallery\/20210417-lu-diekirch-trimagesch-jocapi\/202104171146186617.jpg'\n               border='0'\n               itemprop='url'\n               title=\"\"\n               class=\u201dfancybox\u201d rel=\u201d0b17091c94eccec36e0093621cbeecb5\u201d               data-image-id=\"61\"\n               data-title=\"202104171146186617\"\n               data-description=\"\">\n                <meta itemprop=\"width\" content=\"396\">\n                <meta itemprop=\"height\" content=\"297\">\n                <picture>\n\t\n<source srcset='https:\/\/lgspeiteng.lu\/wp-content\/gallery\/20210417-lu-diekirch-trimagesch-jocapi\/cache\/202104171146186617.jpg-nggid0261-ngg0dyn-800x600-00f0w010c010r110f110r010t010.jpg' media=''>\n<img itemprop=\"http:\/\/schema.org\/image\" data-original-width=\"396\" data-original-height=\"297\" style=\"width: 396px;\n                                        height: 297px;\" title=\"202104171146186617\" alt=\"202104171146186617\" width=\"800\" height=\"600\" src=\"https:\/\/lgspeiteng.lu\/wp-content\/gallery\/20210417-lu-diekirch-trimagesch-jocapi\/cache\/202104171146186617.jpg-nggid0261-ngg0dyn-800x600-00f0w010c010r110f110r010t010.jpg\" srcset=\"https:\/\/lgspeiteng.lu\/wp-content\/gallery\/20210417-lu-diekirch-trimagesch-jocapi\/cache\/202104171146186617.jpg-nggid0261-ngg0dyn-800x600-00f0w010c010r110f110r010t010.jpg\" onerror=\"nggRetryFailedImage(this);\"\/>\n<\/picture>            <\/a>\n            <\/div>\n            <\/div>\n                    <div class=\"gallery-group images-1\"\n                 style=\"width: 400px;\n                        height: 301px;\"\n                 data-original-width=\"400\"\n                 data-original-height=\"301\">\n                    <div class=\"tiled-gallery-item\"\n         itemprop=\"associatedMedia\"\n         itemscope\n         itemtype=\"http:\/\/schema.org\/ImageObject\">\n                                <a href='https:\/\/lgspeiteng.lu\/wp-content\/gallery\/20210417-lu-diekirch-trimagesch-jocapi\/202104171221436618.jpg'\n               border='0'\n               itemprop='url'\n               title=\"\"\n               class=\u201dfancybox\u201d rel=\u201d0b17091c94eccec36e0093621cbeecb5\u201d               data-image-id=\"59\"\n               data-title=\"202104171221436618\"\n               data-description=\"\">\n                <meta itemprop=\"width\" content=\"396\">\n                <meta itemprop=\"height\" content=\"297\">\n                <picture>\n\t\n<source srcset='https:\/\/lgspeiteng.lu\/wp-content\/gallery\/20210417-lu-diekirch-trimagesch-jocapi\/cache\/202104171221436618.jpg-nggid0259-ngg0dyn-800x600-00f0w010c010r110f110r010t010.jpg' media=''>\n<img itemprop=\"http:\/\/schema.org\/image\" data-original-width=\"396\" data-original-height=\"297\" style=\"width: 396px;\n                                        height: 297px;\" title=\"202104171221436618\" alt=\"202104171221436618\" width=\"800\" height=\"600\" src=\"https:\/\/lgspeiteng.lu\/wp-content\/gallery\/20210417-lu-diekirch-trimagesch-jocapi\/cache\/202104171221436618.jpg-nggid0259-ngg0dyn-800x600-00f0w010c010r110f110r010t010.jpg\" srcset=\"https:\/\/lgspeiteng.lu\/wp-content\/gallery\/20210417-lu-diekirch-trimagesch-jocapi\/cache\/202104171221436618.jpg-nggid0259-ngg0dyn-800x600-00f0w010c010r110f110r010t010.jpg\" onerror=\"nggRetryFailedImage(this);\"\/>\n<\/picture>            <\/a>\n            <\/div>\n            <\/div>\n                    <div class=\"gallery-group images-1\"\n                 style=\"width: 400px;\n                        height: 301px;\"\n                 data-original-width=\"400\"\n                 data-original-height=\"301\">\n                    <div class=\"tiled-gallery-item\"\n         itemprop=\"associatedMedia\"\n         itemscope\n         itemtype=\"http:\/\/schema.org\/ImageObject\">\n                                <a href='https:\/\/lgspeiteng.lu\/wp-content\/gallery\/20210417-lu-diekirch-trimagesch-jocapi\/202104171443526620.jpg'\n               border='0'\n               itemprop='url'\n               title=\"\"\n               class=\u201dfancybox\u201d rel=\u201d0b17091c94eccec36e0093621cbeecb5\u201d               data-image-id=\"60\"\n               data-title=\"202104171443526620\"\n               data-description=\"\">\n                <meta itemprop=\"width\" content=\"396\">\n                <meta itemprop=\"height\" content=\"297\">\n                <picture>\n\t\n<source srcset='https:\/\/lgspeiteng.lu\/wp-content\/gallery\/20210417-lu-diekirch-trimagesch-jocapi\/cache\/202104171443526620.jpg-nggid0260-ngg0dyn-800x600-00f0w010c010r110f110r010t010.jpg' media=''>\n<img itemprop=\"http:\/\/schema.org\/image\" data-original-width=\"396\" data-original-height=\"297\" style=\"width: 396px;\n                                        height: 297px;\" title=\"202104171443526620\" alt=\"202104171443526620\" width=\"800\" height=\"600\" src=\"https:\/\/lgspeiteng.lu\/wp-content\/gallery\/20210417-lu-diekirch-trimagesch-jocapi\/cache\/202104171443526620.jpg-nggid0260-ngg0dyn-800x600-00f0w010c010r110f110r010t010.jpg\" srcset=\"https:\/\/lgspeiteng.lu\/wp-content\/gallery\/20210417-lu-diekirch-trimagesch-jocapi\/cache\/202104171443526620.jpg-nggid0260-ngg0dyn-800x600-00f0w010c010r110f110r010t010.jpg\" onerror=\"nggRetryFailedImage(this);\"\/>\n<\/picture>            <\/a>\n            <\/div>\n            <\/div>\n            <\/div>\n    <div class=\"gallery-row\"\n         style=\"width: 1200px;\n                height: 847px;\"\n         data-original-width=\"1200\"\n         data-original-height=\"847\">\n                    <div class=\"gallery-group images-2\"\n                 style=\"width: 564px;\n                        height: 847px;\"\n                 data-original-width=\"564\"\n                 data-original-height=\"847\">\n                    <div class=\"tiled-gallery-item\"\n         itemprop=\"associatedMedia\"\n         itemscope\n         itemtype=\"http:\/\/schema.org\/ImageObject\">\n                                <a href='https:\/\/lgspeiteng.lu\/wp-content\/gallery\/20210417-lu-diekirch-trimagesch-jocapi\/202104171537586621.jpg'\n               border='0'\n               itemprop='url'\n               title=\"\"\n               class=\u201dfancybox\u201d rel=\u201d0b17091c94eccec36e0093621cbeecb5\u201d               data-image-id=\"63\"\n               data-title=\"202104171537586621\"\n               data-description=\"\">\n                <meta itemprop=\"width\" content=\"560\">\n                <meta itemprop=\"height\" content=\"420\">\n                <picture>\n\t\n<source srcset='https:\/\/lgspeiteng.lu\/wp-content\/gallery\/20210417-lu-diekirch-trimagesch-jocapi\/cache\/202104171537586621.jpg-nggid0263-ngg0dyn-800x600-00f0w010c010r110f110r010t010.jpg' media=''>\n<img itemprop=\"http:\/\/schema.org\/image\" data-original-width=\"560\" data-original-height=\"420\" style=\"width: 560px;\n                                        height: 420px;\" title=\"202104171537586621\" alt=\"202104171537586621\" width=\"800\" height=\"600\" src=\"https:\/\/lgspeiteng.lu\/wp-content\/gallery\/20210417-lu-diekirch-trimagesch-jocapi\/cache\/202104171537586621.jpg-nggid0263-ngg0dyn-800x600-00f0w010c010r110f110r010t010.jpg\" srcset=\"https:\/\/lgspeiteng.lu\/wp-content\/gallery\/20210417-lu-diekirch-trimagesch-jocapi\/cache\/202104171537586621.jpg-nggid0263-ngg0dyn-800x600-00f0w010c010r110f110r010t010.jpg\" onerror=\"nggRetryFailedImage(this);\"\/>\n<\/picture>            <\/a>\n            <\/div>\n    <div class=\"tiled-gallery-item\"\n         itemprop=\"associatedMedia\"\n         itemscope\n         itemtype=\"http:\/\/schema.org\/ImageObject\">\n                                <a href='https:\/\/lgspeiteng.lu\/wp-content\/gallery\/20210417-lu-diekirch-trimagesch-jocapi\/202104171540586627.jpg'\n               border='0'\n               itemprop='url'\n               title=\"\"\n               class=\u201dfancybox\u201d rel=\u201d0b17091c94eccec36e0093621cbeecb5\u201d               data-image-id=\"64\"\n               data-title=\"202104171540586627\"\n               data-description=\"\">\n                <meta itemprop=\"width\" content=\"560\">\n                <meta itemprop=\"height\" content=\"419\">\n                <picture>\n\t\n<source srcset='https:\/\/lgspeiteng.lu\/wp-content\/gallery\/20210417-lu-diekirch-trimagesch-jocapi\/cache\/202104171540586627.jpg-nggid0264-ngg0dyn-800x600-00f0w010c010r110f110r010t010.jpg' media=''>\n<img itemprop=\"http:\/\/schema.org\/image\" data-original-width=\"560\" data-original-height=\"419\" style=\"width: 560px;\n                                        height: 419px;\" title=\"202104171540586627\" alt=\"202104171540586627\" width=\"800\" height=\"600\" src=\"https:\/\/lgspeiteng.lu\/wp-content\/gallery\/20210417-lu-diekirch-trimagesch-jocapi\/cache\/202104171540586627.jpg-nggid0264-ngg0dyn-800x600-00f0w010c010r110f110r010t010.jpg\" srcset=\"https:\/\/lgspeiteng.lu\/wp-content\/gallery\/20210417-lu-diekirch-trimagesch-jocapi\/cache\/202104171540586627.jpg-nggid0264-ngg0dyn-800x600-00f0w010c010r110f110r010t010.jpg\" onerror=\"nggRetryFailedImage(this);\"\/>\n<\/picture>            <\/a>\n            <\/div>\n            <\/div>\n                    <div class=\"gallery-group images-1\"\n                 style=\"width: 636px;\n                        height: 847px;\"\n                 data-original-width=\"636\"\n                 data-original-height=\"847\">\n                    <div class=\"tiled-gallery-item\"\n         itemprop=\"associatedMedia\"\n         itemscope\n         itemtype=\"http:\/\/schema.org\/ImageObject\">\n                                <a href='https:\/\/lgspeiteng.lu\/wp-content\/gallery\/20210417-lu-diekirch-trimagesch-jocapi\/202104171611256637.jpg'\n               border='0'\n               itemprop='url'\n               title=\"Deiwelselter \/ Autel du DiableLe &quot;Deiwelselter&quot;, dont l&#039;\u00e9tat actuel est d\u00fb \u00e0 une reconstitution faite en 1892, est l&#039;un des monuments pr\u00e9historiques les plus c\u00e9l\u00e8bres du Grand-Duch\u00e9 de Luxembourg. Rares sont les t\u00e9moignages sur son aspect originel. N\u00e9anmoins un squelette \u2013  datant du n\u00e9olithique \u2013 d\u00e9couvert lors de cette reconstitution permet de consid\u00e9rer le &quot;Deiwelselter&quot; comme une s\u00e9pulture m\u00e9galithique.\"\n               class=\u201dfancybox\u201d rel=\u201d0b17091c94eccec36e0093621cbeecb5\u201d               data-image-id=\"66\"\n               data-title=\"Gruppefoto beim Deiwelselter vum Team K\u00e4erjeng 1 &quot;Gekr\u00e9ngelt Schw\u00e9ngecher&quot; op der JoCaPi 2021\"\n               data-description=\"Deiwelselter \/ Autel du DiableLe &quot;Deiwelselter&quot;, dont l&#039;\u00e9tat actuel est d\u00fb \u00e0 une reconstitution faite en 1892, est l&#039;un des monuments pr\u00e9historiques les plus c\u00e9l\u00e8bres du Grand-Duch\u00e9 de Luxembourg. Rares sont les t\u00e9moignages sur son aspect originel. N\u00e9anmoins un squelette \u2013  datant du n\u00e9olithique \u2013 d\u00e9couvert lors de cette reconstitution permet de consid\u00e9rer le &quot;Deiwelselter&quot; comme une s\u00e9pulture m\u00e9galithique.\">\n                <meta itemprop=\"width\" content=\"632\">\n                <meta itemprop=\"height\" content=\"843\">\n                <picture>\n\t\n<source srcset='https:\/\/lgspeiteng.lu\/wp-content\/gallery\/20210417-lu-diekirch-trimagesch-jocapi\/cache\/202104171611256637.jpg-nggid0266-ngg0dyn-800x600-00f0w010c010r110f110r010t010.jpg' media=''>\n<img itemprop=\"http:\/\/schema.org\/image\" data-original-width=\"632\" data-original-height=\"843\" style=\"width: 632px;\n                                        height: 843px;\" title=\"Gruppefoto beim Deiwelselter vum Team K\u00e4erjeng 1 &quot;Gekr\u00e9ngelt Schw\u00e9ngecher&quot; op der JoCaPi 2021\" alt=\"Gruppefoto beim Deiwelselter vum Team K\u00e4erjeng 1 &quot;Gekr\u00e9ngelt Schw\u00e9ngecher&quot; op der JoCaPi 2021\" width=\"450\" height=\"600\" src=\"https:\/\/lgspeiteng.lu\/wp-content\/gallery\/20210417-lu-diekirch-trimagesch-jocapi\/cache\/202104171611256637.jpg-nggid0266-ngg0dyn-800x600-00f0w010c010r110f110r010t010.jpg\" srcset=\"https:\/\/lgspeiteng.lu\/wp-content\/gallery\/20210417-lu-diekirch-trimagesch-jocapi\/cache\/202104171611256637.jpg-nggid0266-ngg0dyn-800x600-00f0w010c010r110f110r010t010.jpg\" onerror=\"nggRetryFailedImage(this);\"\/>\n<\/picture>            <\/a>\n            <\/div>\n            <\/div>\n            <\/div>\n    <div class=\"gallery-row\"\n         style=\"width: 1200px;\n                height: 451px;\"\n         data-original-width=\"1200\"\n         data-original-height=\"451\">\n                    <div class=\"gallery-group images-1\"\n                 style=\"width: 600px;\n                        height: 451px;\"\n                 data-original-width=\"600\"\n                 data-original-height=\"451\">\n                    <div class=\"tiled-gallery-item\"\n         itemprop=\"associatedMedia\"\n         itemscope\n         itemtype=\"http:\/\/schema.org\/ImageObject\">\n                                <a href='https:\/\/lgspeiteng.lu\/wp-content\/gallery\/20210417-lu-diekirch-trimagesch-jocapi\/202104171619536641.jpg'\n               border='0'\n               itemprop='url'\n               title=\"\"\n               class=\u201dfancybox\u201d rel=\u201d0b17091c94eccec36e0093621cbeecb5\u201d               data-image-id=\"68\"\n               data-title=\"202104171619536641\"\n               data-description=\"\">\n                <meta itemprop=\"width\" content=\"596\">\n                <meta itemprop=\"height\" content=\"447\">\n                <picture>\n\t\n<source srcset='https:\/\/lgspeiteng.lu\/wp-content\/gallery\/20210417-lu-diekirch-trimagesch-jocapi\/cache\/202104171619536641.jpg-nggid0268-ngg0dyn-800x600-00f0w010c010r110f110r010t010.jpg' media=''>\n<img itemprop=\"http:\/\/schema.org\/image\" data-original-width=\"596\" data-original-height=\"447\" style=\"width: 596px;\n                                        height: 447px;\" title=\"202104171619536641\" alt=\"202104171619536641\" width=\"800\" height=\"600\" src=\"https:\/\/lgspeiteng.lu\/wp-content\/gallery\/20210417-lu-diekirch-trimagesch-jocapi\/cache\/202104171619536641.jpg-nggid0268-ngg0dyn-800x600-00f0w010c010r110f110r010t010.jpg\" srcset=\"https:\/\/lgspeiteng.lu\/wp-content\/gallery\/20210417-lu-diekirch-trimagesch-jocapi\/cache\/202104171619536641.jpg-nggid0268-ngg0dyn-800x600-00f0w010c010r110f110r010t010.jpg\" onerror=\"nggRetryFailedImage(this);\"\/>\n<\/picture>            <\/a>\n            <\/div>\n            <\/div>\n                    <div class=\"gallery-group images-1\"\n                 style=\"width: 600px;\n                        height: 451px;\"\n                 data-original-width=\"600\"\n                 data-original-height=\"451\">\n                    <div class=\"tiled-gallery-item\"\n         itemprop=\"associatedMedia\"\n         itemscope\n         itemtype=\"http:\/\/schema.org\/ImageObject\">\n                                <a href='https:\/\/lgspeiteng.lu\/wp-content\/gallery\/20210417-lu-diekirch-trimagesch-jocapi\/202104171621516646.jpg'\n               border='0'\n               itemprop='url'\n               title=\"\"\n               class=\u201dfancybox\u201d rel=\u201d0b17091c94eccec36e0093621cbeecb5\u201d               data-image-id=\"67\"\n               data-title=\"202104171621516646\"\n               data-description=\"\">\n                <meta itemprop=\"width\" content=\"596\">\n                <meta itemprop=\"height\" content=\"447\">\n                <picture>\n\t\n<source srcset='https:\/\/lgspeiteng.lu\/wp-content\/gallery\/20210417-lu-diekirch-trimagesch-jocapi\/cache\/202104171621516646.jpg-nggid0267-ngg0dyn-800x600-00f0w010c010r110f110r010t010.jpg' media=''>\n<img itemprop=\"http:\/\/schema.org\/image\" data-original-width=\"596\" data-original-height=\"447\" style=\"width: 596px;\n                                        height: 447px;\" title=\"202104171621516646\" alt=\"202104171621516646\" width=\"800\" height=\"600\" src=\"https:\/\/lgspeiteng.lu\/wp-content\/gallery\/20210417-lu-diekirch-trimagesch-jocapi\/cache\/202104171621516646.jpg-nggid0267-ngg0dyn-800x600-00f0w010c010r110f110r010t010.jpg\" srcset=\"https:\/\/lgspeiteng.lu\/wp-content\/gallery\/20210417-lu-diekirch-trimagesch-jocapi\/cache\/202104171621516646.jpg-nggid0267-ngg0dyn-800x600-00f0w010c010r110f110r010t010.jpg\" onerror=\"nggRetryFailedImage(this);\"\/>\n<\/picture>            <\/a>\n            <\/div>\n            <\/div>\n            <\/div>\n    <div class=\"gallery-row\"\n         style=\"width: 1200px;\n                height: 901px;\"\n         data-original-width=\"1200\"\n         data-original-height=\"901\">\n                    <div class=\"gallery-group images-1\"\n                 style=\"width: 1200px;\n                        height: 901px;\"\n                 data-original-width=\"1200\"\n                 data-original-height=\"901\">\n                    <div class=\"tiled-gallery-item\"\n         itemprop=\"associatedMedia\"\n         itemscope\n         itemtype=\"http:\/\/schema.org\/ImageObject\">\n                                <a href='https:\/\/lgspeiteng.lu\/wp-content\/gallery\/20210417-lu-diekirch-trimagesch-jocapi\/202104171637416651.jpg'\n               border='0'\n               itemprop='url'\n               title=\"\"\n               class=\u201dfancybox\u201d rel=\u201d0b17091c94eccec36e0093621cbeecb5\u201d               data-image-id=\"65\"\n               data-title=\"202104171637416651\"\n               data-description=\"\">\n                <meta itemprop=\"width\" content=\"1196\">\n                <meta itemprop=\"height\" content=\"897\">\n                <picture>\n\t\n<source srcset='https:\/\/lgspeiteng.lu\/wp-content\/gallery\/20210417-lu-diekirch-trimagesch-jocapi\/cache\/202104171637416651.jpg-nggid0265-ngg0dyn-800x600-00f0w010c010r110f110r010t010.jpg' media=''>\n<img itemprop=\"http:\/\/schema.org\/image\" data-original-width=\"1196\" data-original-height=\"897\" style=\"width: 1196px;\n                                        height: 897px;\" title=\"202104171637416651\" alt=\"202104171637416651\" width=\"800\" height=\"600\" src=\"https:\/\/lgspeiteng.lu\/wp-content\/gallery\/20210417-lu-diekirch-trimagesch-jocapi\/cache\/202104171637416651.jpg-nggid0265-ngg0dyn-800x600-00f0w010c010r110f110r010t010.jpg\" srcset=\"https:\/\/lgspeiteng.lu\/wp-content\/gallery\/20210417-lu-diekirch-trimagesch-jocapi\/cache\/202104171637416651.jpg-nggid0265-ngg0dyn-800x600-00f0w010c010r110f110r010t010.jpg\" onerror=\"nggRetryFailedImage(this);\"\/>\n<\/picture>            <\/a>\n            <\/div>\n            <\/div>\n            <\/div>\n            <\/div>\n\n","protected":false},"excerpt":{"rendered":"<p>&#8230;<\/p>\n","protected":false},"author":10,"featured_media":0,"parent":4489,"menu_order":0,"comment_status":"closed","ping_status":"closed","template":"","meta":{"ngg_post_thumbnail":0},"uagb_featured_image_src":{"full":false,"thumbnail":false,"medium":false,"medium_large":false,"large":false,"1536x1536":false,"2048x2048":false},"uagb_author_info":{"display_name":"Administrator","author_link":"https:\/\/lgspeiteng.lu\/fr_FR\/author\/lgsadmin"},"uagb_comment_info":0,"uagb_excerpt":"...","_links":{"self":[{"href":"https:\/\/lgspeiteng.lu\/fr_FR\/wp-json\/wp\/v2\/pages\/11312"}],"collection":[{"href":"https:\/\/lgspeiteng.lu\/fr_FR\/wp-json\/wp\/v2\/pages"}],"about":[{"href":"https:\/\/lgspeiteng.lu\/fr_FR\/wp-json\/wp\/v2\/types\/page"}],"author":[{"embeddable":true,"href":"https:\/\/lgspeiteng.lu\/fr_FR\/wp-json\/wp\/v2\/users\/10"}],"replies":[{"embeddable":true,"href":"https:\/\/lgspeiteng.lu\/fr_FR\/wp-json\/wp\/v2\/comments?post=11312"}],"version-history":[{"count":2,"href":"https:\/\/lgspeiteng.lu\/fr_FR\/wp-json\/wp\/v2\/pages\/11312\/revisions"}],"predecessor-version":[{"id":11343,"href":"https:\/\/lgspeiteng.lu\/fr_FR\/wp-json\/wp\/v2\/pages\/11312\/revisions\/11343"}],"up":[{"embeddable":true,"href":"https:\/\/lgspeiteng.lu\/fr_FR\/wp-json\/wp\/v2\/pages\/4489"}],"wp:attachment":[{"href":"https:\/\/lgspeiteng.lu\/fr_FR\/wp-json\/wp\/v2\/media?parent=11312"}],"curies":[{"name":"wp","href":"https:\/\/api.w.org\/{rel}","templated":true}]}}