{"id":11352,"date":"2021-05-25T21:18:54","date_gmt":"2021-05-25T19:18:54","guid":{"rendered":"https:\/\/lgspeiteng.lu\/f\/19460000-lu-petange-young-guides-and-scouts-saluting"},"modified":"2021-05-25T21:18:54","modified_gmt":"2021-05-25T19:18:54","slug":"19460000-lu-petange-young-guides-and-scouts-saluting","status":"publish","type":"page","link":"https:\/\/lgspeiteng.lu\/fr_FR\/f\/19460000-lu-petange-young-guides-and-scouts-saluting","title":{"rendered":"19460000 LU, Pe?tange &#8211; Young Guides and Scouts Saluting"},"content":{"rendered":"<!-- default-view.php -->\n<div\n\tclass=\"ngg-galleryoverview default-view \"\n\tid=\"ngg-gallery-0e47cd79e8cf63d548615a9536c4c6b0-1\">\n\n\t\t<!-- Thumbnails -->\n\t\t\t\t<div id=\"ngg-image-0\" class=\"ngg-gallery-thumbnail-box \" >\n\t\t\t\t        <div class=\"ngg-gallery-thumbnail\">\n            <a href=\"https:\/\/lgspeiteng.lu\/wp-content\/gallery\/19460000-lu-petange-young-guides-and-scouts-saluting\/L_G_-Pe_iteng-Guiden-ca_-1945-Edit-Enhanced.jpg\"\n               title=\"P\u00e9itenger Guiden bei enger Zeremonie. 1946?? | 19460101, 00:00:00. | Foto vum Julie Putzeys | {{com.adobe.GPS}} P\u00e9tange LU | St\u00e9chwieder: LGS, black and white, saluting, scout\"\n               data-src=\"https:\/\/lgspeiteng.lu\/wp-content\/gallery\/19460000-lu-petange-young-guides-and-scouts-saluting\/L_G_-Pe_iteng-Guiden-ca_-1945-Edit-Enhanced.jpg\"\n               data-thumbnail=\"https:\/\/lgspeiteng.lu\/wp-content\/gallery\/19460000-lu-petange-young-guides-and-scouts-saluting\/thumbs\/thumbs_L_G_-Pe_iteng-Guiden-ca_-1945-Edit-Enhanced.jpg\"\n               data-image-id=\"70\"\n               data-title=\"L.G. Pe\u0301iteng - Guiden ca. 1945-Edit-Enhanced.\"\n               data-description=\"P\u00e9itenger Guiden bei enger Zeremonie. 1946?? | 19460101, 00:00:00. | Foto vum Julie Putzeys | {{com.adobe.GPS}} P\u00e9tange LU | St\u00e9chwieder: LGS, black and white, saluting, scout\"\n               data-image-slug=\"l_g_-pe_iteng-guiden-ca_-1945-edit-enhanced\"\n               class=\u201dfancybox\u201d rel=\u201d0e47cd79e8cf63d548615a9536c4c6b0\u201d>\n                <img\n                    title=\"L.G. Pe\u0301iteng - Guiden ca. 1945-Edit-Enhanced.\"\n                    alt=\"L.G. Pe\u0301iteng - Guiden ca. 1945-Edit-Enhanced.\"\n                    src=\"https:\/\/lgspeiteng.lu\/wp-content\/gallery\/19460000-lu-petange-young-guides-and-scouts-saluting\/thumbs\/thumbs_L_G_-Pe_iteng-Guiden-ca_-1945-Edit-Enhanced.jpg\"\n                    width=\"240\"\n                    height=\"160\"\n                    style=\"max-width:100%;\"\n                \/>\n            <\/a>\n        <\/div>\n\t\t\t\t\t\t\t<\/div> \n\t\t\t\n\t\t\t\t<div id=\"ngg-image-1\" class=\"ngg-gallery-thumbnail-box \" >\n\t\t\t\t        <div class=\"ngg-gallery-thumbnail\">\n            <a href=\"https:\/\/lgspeiteng.lu\/wp-content\/gallery\/19460000-lu-petange-young-guides-and-scouts-saluting\/L_G_-Pe_iteng-Guiden-ca_-1945.jpg\"\n               title=\"P\u00e9itenger Guiden bei enger Zeremonie. 1946?? | 19460101, 00:00:00. | Foto vum Julie Putzeys | {{com.adobe.GPS}} P\u00e9tange LU | St\u00e9chwieder: LGS, black and white, saluting, scout\"\n               data-src=\"https:\/\/lgspeiteng.lu\/wp-content\/gallery\/19460000-lu-petange-young-guides-and-scouts-saluting\/L_G_-Pe_iteng-Guiden-ca_-1945.jpg\"\n               data-thumbnail=\"https:\/\/lgspeiteng.lu\/wp-content\/gallery\/19460000-lu-petange-young-guides-and-scouts-saluting\/thumbs\/thumbs_L_G_-Pe_iteng-Guiden-ca_-1945.jpg\"\n               data-image-id=\"69\"\n               data-title=\"L.G. Pe\u0301iteng - Guiden ca. 1945.\"\n               data-description=\"P\u00e9itenger Guiden bei enger Zeremonie. 1946?? | 19460101, 00:00:00. | Foto vum Julie Putzeys | {{com.adobe.GPS}} P\u00e9tange LU | St\u00e9chwieder: LGS, black and white, saluting, scout\"\n               data-image-slug=\"l_g_-pe_iteng-guiden-ca_-1945\"\n               class=\u201dfancybox\u201d rel=\u201d0e47cd79e8cf63d548615a9536c4c6b0\u201d>\n                <img\n                    title=\"L.G. Pe\u0301iteng - Guiden ca. 1945.\"\n                    alt=\"L.G. Pe\u0301iteng - Guiden ca. 1945.\"\n                    src=\"https:\/\/lgspeiteng.lu\/wp-content\/gallery\/19460000-lu-petange-young-guides-and-scouts-saluting\/thumbs\/thumbs_L_G_-Pe_iteng-Guiden-ca_-1945.jpg\"\n                    width=\"240\"\n                    height=\"160\"\n                    style=\"max-width:100%;\"\n                \/>\n            <\/a>\n        <\/div>\n\t\t\t\t\t\t\t<\/div> \n\t\t\t\n\t\n\t<br style=\"clear: both\" \/>\n\n\t\n\t\t<!-- Pagination -->\n\t<div class='ngg-clear'><\/div>\t<\/div>\n\n","protected":false},"excerpt":{"rendered":"<p>&#8230;<\/p>\n","protected":false},"author":10,"featured_media":0,"parent":4489,"menu_order":0,"comment_status":"closed","ping_status":"closed","template":"","meta":{"ngg_post_thumbnail":0},"uagb_featured_image_src":{"full":false,"thumbnail":false,"medium":false,"medium_large":false,"large":false,"1536x1536":false,"2048x2048":false},"uagb_author_info":{"display_name":"Administrator","author_link":"https:\/\/lgspeiteng.lu\/fr_FR\/author\/lgsadmin"},"uagb_comment_info":0,"uagb_excerpt":"...","_links":{"self":[{"href":"https:\/\/lgspeiteng.lu\/fr_FR\/wp-json\/wp\/v2\/pages\/11352"}],"collection":[{"href":"https:\/\/lgspeiteng.lu\/fr_FR\/wp-json\/wp\/v2\/pages"}],"about":[{"href":"https:\/\/lgspeiteng.lu\/fr_FR\/wp-json\/wp\/v2\/types\/page"}],"author":[{"embeddable":true,"href":"https:\/\/lgspeiteng.lu\/fr_FR\/wp-json\/wp\/v2\/users\/10"}],"replies":[{"embeddable":true,"href":"https:\/\/lgspeiteng.lu\/fr_FR\/wp-json\/wp\/v2\/comments?post=11352"}],"version-history":[{"count":0,"href":"https:\/\/lgspeiteng.lu\/fr_FR\/wp-json\/wp\/v2\/pages\/11352\/revisions"}],"up":[{"embeddable":true,"href":"https:\/\/lgspeiteng.lu\/fr_FR\/wp-json\/wp\/v2\/pages\/4489"}],"wp:attachment":[{"href":"https:\/\/lgspeiteng.lu\/fr_FR\/wp-json\/wp\/v2\/media?parent=11352"}],"curies":[{"name":"wp","href":"https:\/\/api.w.org\/{rel}","templated":true}]}}