{"id":187,"date":"2010-01-27T15:09:15","date_gmt":"2010-01-27T14:09:15","guid":{"rendered":"http:\/\/lgspeiteng.com\/?page_id=187"},"modified":"2020-04-09T09:49:35","modified_gmt":"2020-04-09T07:49:35","slug":"userhellef","status":"publish","type":"page","link":"https:\/\/lgspeiteng.lu\/fr_FR\/userhellef","title":{"rendered":"Aide pour les utilisateurs"},"content":{"rendered":"<p>Cette<br \/>\n page n&rsquo;a pas encore \u00e9t\u00e9 traduite.<\/p>\n<p>Hei as erkl\u00e4rt w\u00e9i User d\u00e9i sech um Site registr\u00e9iert hun an d\u00e9i n\u00e9ideg Erlabnis zougedeelt kruten k\u00ebnnen Inhalt fir den Site erstellen.<\/p>\n<h3>Fotoen eroplueden<\/h3>\n<p>Sich fir d&rsquo;\u00e9ischt d&rsquo;Fotoen zesummen d\u00e9i s de w\u00eblls eroplueden. D\u00e9i virgeschloe Gr\u00e9isst as maximal 800 Pixel laang oder h\u00e9isch. Prob\u00e9ier fir d&rsquo;Unzuel vu Fotoen pro Evenement \u00ebnner 50 ze halen. (D\u00e9i Zuel as flexibel, mee prob\u00e9ier selwer ze d\u00e9cid\u00e9ieren w\u00e9ieng derw\u00e4rt sin eropgelueden ze gin a w\u00e9ieng net.) Wann d\u00e9ng Fotoen prett sin, lies virun.<\/p>\n<p>Op der Starts\u00e4it, klick riets \u00ebnnert d\u00e9ngem Numm op \u00ab\u00a0Neien Fotoalbum.\u00a0\u00bb<\/p>\n<p>Am Feld \u00ab\u00a0Nei Galerie\u00a0\u00bb schreiw den Numm vun der Galerie an d\u00e9i d&rsquo;Fotoen wou s de w\u00eblls eroplueden komme sollen. Am beschten schreiws de den Datum, d&rsquo;Platz an dann em wat et geet. Fir en AvEx Camp zu Munzheim an der Belge vum 18.-26. Juli 2009 wier den Numm vum Album zB: \u00ab\u00a020090718 Munzheim (BE), AvEx Camp\u00a0\u00bb. Denk drun dass \u00e9\u00e8\u00e4\u00eb\u00f6 an sou weider net gin.<\/p>\n<p>Klick op \u00ab\u00a0Galerie b\u00e4isetzen.\u00a0\u00bb<\/p>\n<p>Klick op \u00ab\u00a0Biller eroplueden.\u00a0\u00bb<\/p>\n<p>Klick op \u00ab\u00a0Broswe&#8230;\u00a0\u00bb, \u00ab\u00a0Parcourir&#8230;\u00a0\u00bb, \u00ab\u00a0Durchsuchen&#8230;\u00a0\u00bb demno w\u00e9ieng Sprooch d\u00e4i Computer huet.<\/p>\n<p>Sich op d\u00e9ngem Computer d\u00e9i Biller d\u00e9i s de w\u00eblls eroplueden. Du kanns m\u00e9i w\u00e9i ee Bild gl\u00e4ichz\u00e4iteg eroplueden. Dann klick \u00ab\u00a0OK\u00a0\u00bb, \u00ab\u00a0Select\u00a0\u00bb, \u00ab\u00a0W\u00e4hlen\u00a0\u00bb oder sou fir ze best\u00e4tegen. (Denk drun opzepassen dass d\u00e9ng Biller net ze grouss sin. D&rsquo;Maximalgr\u00e9isst steet \u00ebnnert \u00ab\u00a0Wiel eng Galerie.\u00a0\u00bb<\/p>\n<p>Am Feld \u00ab\u00a0Wiel eng Galerie\u00a0\u00bb wiel d\u00e9i Galerie eraus d\u00e9i s de grad gemach hues. Wann s de dono nach Fotoen w\u00eblls dohin b\u00e4isetzen kanns de den Schr\u00ebtt wou s de eng nei Galerie erschafs iwwersprangen.<\/p>\n<p>Klick op Biller eroplueden. Wann alles ok as kriss de gesot dass et geklappt huet. D&rsquo;Biller sin elo um Server, fir se ze ver\u00ebffentlechen kuck dr\u00ebnner bei \u00ab\u00a0Artikel schreiwen.\u00a0\u00bb<\/p>\n<h3>Artikel Schreiwen<\/h3>\n<p>Op der Starts\u00e4it, klick riets \u00ebnnert d\u00e9ngem Numm op \u00ab\u00a0Schreiw eppes\u00a0\u00bb.<\/p>\n<p>G\u00ebff uewen den Titel vum Artikel an.<\/p>\n<p>An der grousser K\u00ebscht schreiws de den Text. Du kanns den Text format\u00e9ieren mat den Text-Utensilien, mee g\u00e9i spuersam domat \u00ebm. Looss den Text w.e.g. schwaarz. Fir en Link b\u00e4i ze setzen, mark\u00e9ier den Text aus deem e Link soll gin a klick uewen op d&rsquo;Kettesymbol. De Rescht misst relativ einfach sin.<\/p>\n<p>Wanns de w\u00eblls eng Fotogalerie ver\u00ebffentlechen, klick op d&rsquo;Symbol fir \u00ab\u00a0Gallery\u00a0\u00bb: <img loading=\"lazy\" class=\"alignnone\" src=\"http:\/\/lgspeiteng.lu\/wp-content\/plugins\/nextgen-gallery\/admin\/tinymce\/nextgen.gif\" alt=\"\" width=\"20\" height=\"20\" \/> Bei Select Gallery, wiel d\u00e9ng Galerie aus an klick op Insert.<\/p>\n<p>Wiel bei \u00ab\u00a0Kategorien\u00a0\u00bb eng Kategorie aus an d\u00e9i den Artikel passt. Scoutziedelen, Scoutstricker, an Neiegkeeten hun zB all hir egen Kategorie. Wann et n\u00e9ieren hin passt, wiel keng Kategorie.<\/p>\n<p>Bei St\u00ebchwieder kanns de St\u00ebchwieder antippen. Trenn se mat engem Komma.<\/p>\n<p>Wann s de f\u00e4erdeg bas den Text ze schreiwen respektiv Galerien anzesetzen (oder allen zwee), klick riets op den bloen Kn\u00e4ppchen \u00ab\u00a0An d&rsquo;Iwwerpr\u00e9iwung sch\u00e9cken.\u00a0\u00bb En Administrator kuckt den Artikel no an ver\u00ebffentlecht en wann alles an der Rei as.<\/p>\n<p>Wanns de nach froen hues kontakt\u00e9ier en Administrator iwwer den \u00ab\u00a0<a href=\"http:\/\/lgspeiteng.lu\/kontakt\">Kontakt<\/a>\u00a0\u00bb Formular.<\/p>\n","protected":false},"excerpt":{"rendered":"<p>Cette page n&rsquo;a pas encore \u00e9t\u00e9 traduite.<\/p>\n<p>Hei as erkl\u00e4rt w\u00e9i User d\u00e9i sech um Site registr\u00e9iert hun an d\u00e9i n\u00e9ideg Erlabnis zougedeelt kruten k\u00ebnnen Inhalt fir den Site erstellen.<\/p>\n<h3>Fotoen eroplueden<\/h3>\n<p>Sich fir d&rsquo;\u00e9ischt d&rsquo;Fotoen zesummen d\u00e9i s&#8230;<\/p>\n","protected":false},"author":6,"featured_media":0,"parent":0,"menu_order":6,"comment_status":"open","ping_status":"closed","template":"","meta":{"ngg_post_thumbnail":0},"uagb_featured_image_src":{"full":false,"thumbnail":false,"medium":false,"medium_large":false,"large":false,"1536x1536":false,"2048x2048":false},"uagb_author_info":{"display_name":"Gilles","author_link":"https:\/\/lgspeiteng.lu\/fr_FR\/author\/gloda"},"uagb_comment_info":0,"uagb_excerpt":"Cette page n'a pas encore \u00e9t\u00e9 traduite. Hei as erkl\u00e4rt w\u00e9i User d\u00e9i sech um Site registr\u00e9iert hun an d\u00e9i n\u00e9ideg Erlabnis zougedeelt kruten k\u00ebnnen Inhalt fir den Site erstellen. Fotoen eroplueden Sich fir d'\u00e9ischt d'Fotoen zesummen d\u00e9i s...","_links":{"self":[{"href":"https:\/\/lgspeiteng.lu\/fr_FR\/wp-json\/wp\/v2\/pages\/187"}],"collection":[{"href":"https:\/\/lgspeiteng.lu\/fr_FR\/wp-json\/wp\/v2\/pages"}],"about":[{"href":"https:\/\/lgspeiteng.lu\/fr_FR\/wp-json\/wp\/v2\/types\/page"}],"author":[{"embeddable":true,"href":"https:\/\/lgspeiteng.lu\/fr_FR\/wp-json\/wp\/v2\/users\/6"}],"replies":[{"embeddable":true,"href":"https:\/\/lgspeiteng.lu\/fr_FR\/wp-json\/wp\/v2\/comments?post=187"}],"version-history":[{"count":15,"href":"https:\/\/lgspeiteng.lu\/fr_FR\/wp-json\/wp\/v2\/pages\/187\/revisions"}],"predecessor-version":[{"id":8877,"href":"https:\/\/lgspeiteng.lu\/fr_FR\/wp-json\/wp\/v2\/pages\/187\/revisions\/8877"}],"wp:attachment":[{"href":"https:\/\/lgspeiteng.lu\/fr_FR\/wp-json\/wp\/v2\/media?parent=187"}],"curies":[{"name":"wp","href":"https:\/\/api.w.org\/{rel}","templated":true}]}}