{"id":2,"date":"2009-02-14T00:20:39","date_gmt":"2009-02-13T23:20:39","guid":{"rendered":"http:\/\/lgspeiteng.com\/?page_id=2"},"modified":"2020-03-11T15:30:42","modified_gmt":"2020-03-11T14:30:42","slug":"about","status":"publish","type":"page","link":"https:\/\/lgspeiteng.lu\/fr_FR\/about","title":{"rendered":"A propos"},"content":{"rendered":"<p>Les<br \/>\n guides et scouts de P\u00e9tange existent d\u00e9j\u00e0 depuis 1925. Nos branches ont leurs r\u00e9unions les samedis au Prenzebierg \u00e0 P\u00e9tange. Ils se d\u00e9roulent en partie dans le chalet, qui a \u00e9t\u00e9 compl\u00e9tement renov\u00e9 en 2006 et dans les annexes qui se trouvent pr\u00e8s du chalet. Comme nous nous trouvons pr\u00e8s de la for\u00eat nous profitons de passer beaucoup de temps avec les enfants et les jeunes en pleine nature.<\/p>\n<h4>De quoi il s&rsquo;agit en parlant de guides et scouts?<\/h4>\n<p>Chez nous tu peux apprendre dans une vari\u00e9t\u00e9 de domaine et vivre de nouvelles aventures. Tu peux r\u00e9aliser toute sorte de choses extraordinaires avec tes amis! Tu peux d\u00e9cider avec tes chefs ce que tu souhaite faire pendant les r\u00e9unions et t&rsquo;engager dans les domaines que tu choisis. Dans les guides et scouts tu peux faire de nombreuses aventures, trouver des amis dans les autres groupes du Luxembourg et m\u00eame du monde entier.<\/p>\n<h4>Chacun compte<\/h4>\n<p>Il nous est important que chacun puisse d\u00e9velopper tout les domaines de l&rsquo;homme: corps, sant\u00e9 et caract\u00e8re. Chez nous les enfants et les jeunes apprennent \u00e0 respecter notre environnement. Nous les encourageons de s&rsquo;engager pour la libert\u00e9 et l&rsquo;\u00e9galit\u00e9 et de se comporter partenairement entre filles et gar\u00e7ons femmes et hommes.<\/p>\n<h4>Notre fa\u00e7on de travailler<\/h4>\n<p>Notre m\u00e9thode consiste d&rsquo;apprendre par exp\u00e9riences personnelles, le jeux et le travail en petits groupes.<br \/>\nLes<br \/>\n jeunes sont repartis en groupes appel\u00e9s branches: Biber, W\u00ebllef, AvEx, CaraPio et RaRo. Il nous est important de vivre dans et avec la nature, l&rsquo;engagement pour les autres, l&rsquo;engagement en g\u00e9n\u00e9rel et la responsabilit\u00e9. Ces principes sont transmis par nos activit\u00e9s: une r\u00e9union par semaine scolaire, un peu pr\u00e8s un weekend par trimestre et un grand camp pendant les vacances d&rsquo;\u00e9t\u00e9.<\/p>\n<h4>Notre structure<\/h4>\n<p>Chez les guides et scouts de P\u00e9tange nous avons des groupes m\u00e9lang\u00e9s. Aussi les enfants et les jeunes handicap\u00e9s sont bienvenus. Chaque troupes de guides et scouts ont des chefs qui ont fais de diff\u00e9rente formation et qui s&rsquo;engagent volontairement. \u00c0 partir de 17 ans il est possible de devenir chef respectivement cheftaine. Nos r\u00e9unions se d\u00e9roulent les samedis de 14:00-16:00 (Biber, Wellef, AvEx et CaraPio) et pour les RaRo de 16:00-18:00 au Prenzebierg \u00e0 P\u00e9tange. Consultez notre agenda pour plus d&rsquo;informations ou utilisez le contract formulaire pour nous contacter directement.<\/p>\n<p>\u2022<br \/>\nLes<br \/>\n Biber sont pour les enfants de la 1\u00e8re\u00a0et 2e\u00a0ann\u00e9e scolaire.<br \/>\n\u2022<br \/>\nLes<br \/>\n W\u00ebllef sont pour les enfants de la 3e\u00a0et 4e\u00a0ann\u00e9e scolaire.<br \/>\n\u2022<br \/>\nLes<br \/>\n AvEx sont pour les jeunes de 11-14 ans.<br \/>\n\u2022<br \/>\nLes<br \/>\n CaraPio sont pour les jeunes de 14-17 ans<br \/>\n\u2022<br \/>\nLes<br \/>\n RaRo sont pour les jeunes de 17-23 ans.<\/p>\n","protected":false},"excerpt":{"rendered":"<p>Les guides et scouts de P\u00e9tange existent d\u00e9j\u00e0 depuis 1925. Nos branches ont leurs r\u00e9unions les samedis au Prenzebierg \u00e0 P\u00e9tange. Ils se d\u00e9roulent en partie dans le chalet, qui a \u00e9t\u00e9 compl\u00e9tement renov\u00e9 en 2006 et dans les annexes qui se trouvent pr\u00e8s&#8230;<\/p>\n","protected":false},"author":6,"featured_media":0,"parent":0,"menu_order":1,"comment_status":"open","ping_status":"closed","template":"","meta":{"ngg_post_thumbnail":0},"uagb_featured_image_src":{"full":false,"thumbnail":false,"medium":false,"medium_large":false,"large":false,"1536x1536":false,"2048x2048":false},"uagb_author_info":{"display_name":"Gilles","author_link":"https:\/\/lgspeiteng.lu\/fr_FR\/author\/gloda"},"uagb_comment_info":0,"uagb_excerpt":"Les guides et scouts de P\u00e9tange existent d\u00e9j\u00e0 depuis 1925. Nos branches ont leurs r\u00e9unions les samedis au Prenzebierg \u00e0 P\u00e9tange. Ils se d\u00e9roulent en partie dans le chalet, qui a \u00e9t\u00e9 compl\u00e9tement renov\u00e9 en 2006 et dans les annexes qui se trouvent pr\u00e8s...","_links":{"self":[{"href":"https:\/\/lgspeiteng.lu\/fr_FR\/wp-json\/wp\/v2\/pages\/2"}],"collection":[{"href":"https:\/\/lgspeiteng.lu\/fr_FR\/wp-json\/wp\/v2\/pages"}],"about":[{"href":"https:\/\/lgspeiteng.lu\/fr_FR\/wp-json\/wp\/v2\/types\/page"}],"author":[{"embeddable":true,"href":"https:\/\/lgspeiteng.lu\/fr_FR\/wp-json\/wp\/v2\/users\/6"}],"replies":[{"embeddable":true,"href":"https:\/\/lgspeiteng.lu\/fr_FR\/wp-json\/wp\/v2\/comments?post=2"}],"version-history":[{"count":22,"href":"https:\/\/lgspeiteng.lu\/fr_FR\/wp-json\/wp\/v2\/pages\/2\/revisions"}],"predecessor-version":[{"id":4575,"href":"https:\/\/lgspeiteng.lu\/fr_FR\/wp-json\/wp\/v2\/pages\/2\/revisions\/4575"}],"wp:attachment":[{"href":"https:\/\/lgspeiteng.lu\/fr_FR\/wp-json\/wp\/v2\/media?parent=2"}],"curies":[{"name":"wp","href":"https:\/\/api.w.org\/{rel}","templated":true}]}}