{"id":44,"date":"2009-02-14T02:01:29","date_gmt":"2009-02-14T01:01:29","guid":{"rendered":"http:\/\/lgspeiteng.com\/?page_id=44"},"modified":"2024-11-05T17:01:11","modified_gmt":"2024-11-05T16:01:11","slug":"kontakt","status":"publish","type":"page","link":"https:\/\/lgspeiteng.lu\/fr_FR\/kontakt","title":{"rendered":"Contact"},"content":{"rendered":"<p><span\n style=\"color: #ff0000;\"><strong>!!<\/strong><\/span> Pour les r\u00e9servations veuillez utiliser les formulaires du <a href=\"https:\/\/lgspeiteng.lu\/fr_FR\/chalet\">Chalet de P\u00e9tange<\/a> ou du <a href=\"https:\/\/lgspeiteng.lu\/fr_FR\/kbh\">Kuelbecher Haff<\/a>.<br \/>\n<span\n style=\"color: #ff0000;\"><strong>!!<\/strong><\/span><\/p>\n<p>\u00c9crivez-nous si vous avez des question au sujet du site internet, du groupe, nos \u00e9v\u00e9n\u00e9ments ou autre chose. Les champs marqu\u00e9s avec un * sont obligatoires.<\/p>\n<hr \/>\n<div role=\"form\" class=\"wpcf7\" id=\"wpcf7-f8816-o1\" lang=\"en-US\" dir=\"ltr\">\n<div class=\"screen-reader-response\"><p role=\"status\" aria-live=\"polite\" aria-atomic=\"true\"><\/p> <ul><\/ul><\/div>\n<form action=\"\/fr_FR\/wp-json\/wp\/v2\/pages\/44#wpcf7-f8816-o1\" method=\"post\" class=\"wpcf7-form init\" novalidate=\"novalidate\" data-status=\"init\">\n<div style=\"display: none;\">\n<input type=\"hidden\" name=\"_wpcf7\" value=\"8816\" \/>\n<input type=\"hidden\" name=\"_wpcf7_version\" value=\"5.5.6.1\" \/>\n<input type=\"hidden\" name=\"_wpcf7_locale\" value=\"en_US\" \/>\n<input type=\"hidden\" name=\"_wpcf7_unit_tag\" value=\"wpcf7-f8816-o1\" \/>\n<input type=\"hidden\" name=\"_wpcf7_container_post\" value=\"0\" \/>\n<input type=\"hidden\" name=\"_wpcf7_posted_data_hash\" value=\"\" \/>\n<\/div>\n<p>NOM, Pr\u00e9nom*<br \/>\n    <span class=\"wpcf7-form-control-wrap your-name\"><input type=\"text\" name=\"your-name\" value=\"\" size=\"40\" class=\"wpcf7-form-control wpcf7-text wpcf7-validates-as-required\" aria-required=\"true\" aria-invalid=\"false\" \/><\/span> <\/p>\n<p>Adresse email*<br \/>\n    <span class=\"wpcf7-form-control-wrap your-email\"><input type=\"email\" name=\"your-email\" value=\"\" size=\"40\" class=\"wpcf7-form-control wpcf7-text wpcf7-email wpcf7-validates-as-required wpcf7-validates-as-email\" aria-required=\"true\" aria-invalid=\"false\" \/><\/span> <\/p>\n<p>Sujet<br \/>\n    <span class=\"wpcf7-form-control-wrap your-subject\"><input type=\"text\" name=\"your-subject\" value=\"\" size=\"40\" class=\"wpcf7-form-control wpcf7-text\" aria-invalid=\"false\" \/><\/span> <\/p>\n<p>Votre message<br \/>\n    <span class=\"wpcf7-form-control-wrap your-message\"><textarea name=\"your-message\" cols=\"40\" rows=\"10\" class=\"wpcf7-form-control wpcf7-textarea\" aria-invalid=\"false\"><\/textarea><\/span> <\/p>\n<p><label><span class=\"wpcf7-form-control-wrap accept\"><span class=\"wpcf7-form-control wpcf7-acceptance\"><span class=\"wpcf7-list-item\"><label><input type=\"checkbox\" name=\"accept\" value=\"1\" aria-invalid=\"false\" \/><span class=\"wpcf7-list-item-label\">Je suis d'accord que mes donn\u00e9es soient trait\u00e9es et sauvegard\u00e9es dans le contexte de mon message.*<\/span><\/label><\/span><\/span><\/span><\/label><\/p>\n<p>Nous utilisons Akismet pour r\u00e9duire le nombre de messages ind\u00e9sirables (spam). <a href=\"https:\/\/akismet.com\/privacy\/\">Apprenez comment vos donn\u00e9es sont trait\u00e9es.<\/a><\/p>\n<p><input type=\"submit\" value=\"Envoyer\" class=\"wpcf7-form-control has-spinner wpcf7-submit\" \/><\/p>\n<p style=\"display: none !important;\"><label>&#916;<textarea name=\"_wpcf7_ak_hp_textarea\" cols=\"45\" rows=\"8\" maxlength=\"100\"><\/textarea><\/label><input type=\"hidden\" id=\"ak_js_1\" name=\"_wpcf7_ak_js\" value=\"36\"\/><script>document.getElementById( \"ak_js_1\" ).setAttribute( \"value\", ( new Date() ).getTime() );<\/script><\/p><div class=\"wpcf7-response-output\" aria-hidden=\"true\"><\/div><\/form><\/div>\n","protected":false},"excerpt":{"rendered":"<p><span style=\"color: #ff0000;\"><strong>!!<\/strong><\/span> Pour les r\u00e9servations veuillez utiliser les formulaires du <a href=\"https:\/\/lgspeiteng.lu\/fr_FR\/chalet\">Chalet de P\u00e9tange<\/a> ou du <a href=\"https:\/\/lgspeiteng.lu\/fr_FR\/kbh\">Kuelbecher Haff<\/a>&#8230;<\/p>\n","protected":false},"author":6,"featured_media":0,"parent":0,"menu_order":0,"comment_status":"closed","ping_status":"closed","template":"","meta":{"ngg_post_thumbnail":0},"uagb_featured_image_src":{"full":false,"thumbnail":false,"medium":false,"medium_large":false,"large":false,"1536x1536":false,"2048x2048":false},"uagb_author_info":{"display_name":"Gilles","author_link":"https:\/\/lgspeiteng.lu\/fr_FR\/author\/gloda"},"uagb_comment_info":0,"uagb_excerpt":"!! Pour les r\u00e9servations veuillez utiliser les formulaires du Chalet de P\u00e9tange ou du Kuelbecher Haff...","_links":{"self":[{"href":"https:\/\/lgspeiteng.lu\/fr_FR\/wp-json\/wp\/v2\/pages\/44"}],"collection":[{"href":"https:\/\/lgspeiteng.lu\/fr_FR\/wp-json\/wp\/v2\/pages"}],"about":[{"href":"https:\/\/lgspeiteng.lu\/fr_FR\/wp-json\/wp\/v2\/types\/page"}],"author":[{"embeddable":true,"href":"https:\/\/lgspeiteng.lu\/fr_FR\/wp-json\/wp\/v2\/users\/6"}],"replies":[{"embeddable":true,"href":"https:\/\/lgspeiteng.lu\/fr_FR\/wp-json\/wp\/v2\/comments?post=44"}],"version-history":[{"count":16,"href":"https:\/\/lgspeiteng.lu\/fr_FR\/wp-json\/wp\/v2\/pages\/44\/revisions"}],"predecessor-version":[{"id":14368,"href":"https:\/\/lgspeiteng.lu\/fr_FR\/wp-json\/wp\/v2\/pages\/44\/revisions\/14368"}],"wp:attachment":[{"href":"https:\/\/lgspeiteng.lu\/fr_FR\/wp-json\/wp\/v2\/media?parent=44"}],"curies":[{"name":"wp","href":"https:\/\/api.w.org\/{rel}","templated":true}]}}