{"id":4489,"date":"2016-03-30T13:50:29","date_gmt":"2016-03-30T11:50:29","guid":{"rendered":"http:\/\/localhost:8888\/?page_id=4489"},"modified":"2021-06-03T20:56:42","modified_gmt":"2021-06-03T18:56:42","slug":"f","status":"publish","type":"page","link":"https:\/\/lgspeiteng.lu\/fr_FR\/f","title":{"rendered":"Fotoen"},"content":{"rendered":"\n<p>Eis Fotogalerie g\u00ebtt grad iwwerschafft.<\/p>\n\n\n\n<ul><li>20210511 D\u00e9i al eropgeluede Fotoen goufen als S\u00e9cherheetskopie gesp\u00e4ichert a gel\u00e4scht.<\/li><li>20210511 De Galerie Plugin gouf gel\u00e4scht.<\/li><li>20210527 Galiere Plugin nei install\u00e9iert an der neitster Versioun<\/li><li>20210503 Folgend Joerg\u00e4ng sinn gr\u00e9isstendeels nees online: 2002-2006<\/li><\/ul>\n\n\n\n<div class=\"ngg-pro-album nextgen_pro_grid_album\" id=\"displayed_gallery_2f893b06cec93d84ccabdc55ac96b80c\">\n            <div class='image_container'>\n            <div class='image_link_wrapper'>\n                                <span class=\"gallery_link\">\n                    <a href='https:\/\/lgspeiteng.lu\/fr_FR\/f\/ngg\/2025'\n                               title=''><picture>\n\t\n<source srcset='https:\/\/lgspeiteng.lu\/wp-content\/gallery\/20250607-lu-petange-100-joer-lgs-peiteng-feier\/thumbs\/thumbs_202506071237506577.jpg' media=''>\n<img class=\"gallery_preview\" title=\"Feier: 100 Joer LGS P\u00e9iteng\" alt=\"Feier: 100 Joer LGS P\u00e9iteng\" width=\"240\" height=\"160\" style=\"max-width:240px;max-height:160px\" src=\"https:\/\/lgspeiteng.lu\/wp-content\/gallery\/20250607-lu-petange-100-joer-lgs-peiteng-feier\/thumbs\/thumbs_202506071237506577.jpg\" srcset=\"https:\/\/lgspeiteng.lu\/wp-content\/gallery\/20250607-lu-petange-100-joer-lgs-peiteng-feier\/thumbs\/thumbs_202506071237506577.jpg\" onerror=\"nggRetryFailedImage(this);\"\/>\n<\/picture>                    <\/a>\n                <\/span>\n                <span class=\"caption_link\">\n                    <a href='https:\/\/lgspeiteng.lu\/fr_FR\/f\/ngg\/2025'\n                               title=''>2025<\/a>\n                <\/span>\n                <div class=\"image_description\">\n                                    <\/div>\n                <br class=\"clear\"\/>\n            <\/div>\n        <\/div>\n            <div class='image_container'>\n            <div class='image_link_wrapper'>\n                                <span class=\"gallery_link\">\n                    <a href='https:\/\/lgspeiteng.lu\/fr_FR\/f\/ngg\/2022'\n                               title=''>                    <\/a>\n                <\/span>\n                <span class=\"caption_link\">\n                    <a href='https:\/\/lgspeiteng.lu\/fr_FR\/f\/ngg\/2022'\n                               title=''>2022<\/a>\n                <\/span>\n                <div class=\"image_description\">\n                                    <\/div>\n                <br class=\"clear\"\/>\n            <\/div>\n        <\/div>\n            <div class='image_container'>\n            <div class='image_link_wrapper'>\n                                <span class=\"gallery_link\">\n                    <a href='https:\/\/lgspeiteng.lu\/fr_FR\/f\/ngg\/2021'\n                               title=''><picture>\n\t\n<source srcset='https:\/\/lgspeiteng.lu\/wp-content\/gallery\/20210417-lu-diekirch-trimagesch-jocapi\/thumbs\/thumbs_202104171611256637.jpg' media=''>\n<img class=\"gallery_preview\" title=\"Gruppefoto beim Deiwelselter vum Team K\u00e4erjeng 1 &quot;Gekr\u00e9ngelt Schw\u00e9ngecher&quot; op der JoCaPi 2021\" alt=\"Gruppefoto beim Deiwelselter vum Team K\u00e4erjeng 1 &quot;Gekr\u00e9ngelt Schw\u00e9ngecher&quot; op der JoCaPi 2021\" width=\"240\" height=\"160\" style=\"max-width:240px;max-height:160px\" src=\"https:\/\/lgspeiteng.lu\/wp-content\/gallery\/20210417-lu-diekirch-trimagesch-jocapi\/thumbs\/thumbs_202104171611256637.jpg\" srcset=\"https:\/\/lgspeiteng.lu\/wp-content\/gallery\/20210417-lu-diekirch-trimagesch-jocapi\/thumbs\/thumbs_202104171611256637.jpg\" onerror=\"nggRetryFailedImage(this);\"\/>\n<\/picture>                    <\/a>\n                <\/span>\n                <span class=\"caption_link\">\n                    <a href='https:\/\/lgspeiteng.lu\/fr_FR\/f\/ngg\/2021'\n                               title=''>2021<\/a>\n                <\/span>\n                <div class=\"image_description\">\n                                    <\/div>\n                <br class=\"clear\"\/>\n            <\/div>\n        <\/div>\n            <div class='image_container'>\n            <div class='image_link_wrapper'>\n                                <span class=\"gallery_link\">\n                    <a href='https:\/\/lgspeiteng.lu\/fr_FR\/f\/ngg\/2020'\n                               title=''><picture>\n\t\n<source srcset='https:\/\/lgspeiteng.lu\/wp-content\/gallery\/20200118-lu-fond-de-gras-carapio-suden-wanterhike\/thumbs\/thumbs_202001190908263188.jpg' media=''>\n<img class=\"gallery_preview\" title=\"202001190908263188\" alt=\"202001190908263188\" width=\"240\" height=\"160\" style=\"max-width:240px;max-height:160px\" src=\"https:\/\/lgspeiteng.lu\/wp-content\/gallery\/20200118-lu-fond-de-gras-carapio-suden-wanterhike\/thumbs\/thumbs_202001190908263188.jpg\" srcset=\"https:\/\/lgspeiteng.lu\/wp-content\/gallery\/20200118-lu-fond-de-gras-carapio-suden-wanterhike\/thumbs\/thumbs_202001190908263188.jpg\" onerror=\"nggRetryFailedImage(this);\"\/>\n<\/picture>                    <\/a>\n                <\/span>\n                <span class=\"caption_link\">\n                    <a href='https:\/\/lgspeiteng.lu\/fr_FR\/f\/ngg\/2020'\n                               title=''>2020<\/a>\n                <\/span>\n                <div class=\"image_description\">\n                                    <\/div>\n                <br class=\"clear\"\/>\n            <\/div>\n        <\/div>\n            <div class='image_container'>\n            <div class='image_link_wrapper'>\n                                <span class=\"gallery_link\">\n                    <a href='https:\/\/lgspeiteng.lu\/fr_FR\/f\/ngg\/2019'\n                               title=''>                    <\/a>\n                <\/span>\n                <span class=\"caption_link\">\n                    <a href='https:\/\/lgspeiteng.lu\/fr_FR\/f\/ngg\/2019'\n                               title=''>2019<\/a>\n                <\/span>\n                <div class=\"image_description\">\n                                    <\/div>\n                <br class=\"clear\"\/>\n            <\/div>\n        <\/div>\n            <div class='image_container'>\n            <div class='image_link_wrapper'>\n                                <span class=\"gallery_link\">\n                    <a href='https:\/\/lgspeiteng.lu\/fr_FR\/f\/ngg\/2018'\n                               title=''>                    <\/a>\n                <\/span>\n                <span class=\"caption_link\">\n                    <a href='https:\/\/lgspeiteng.lu\/fr_FR\/f\/ngg\/2018'\n                               title=''>2018<\/a>\n                <\/span>\n                <div class=\"image_description\">\n                                    <\/div>\n                <br class=\"clear\"\/>\n            <\/div>\n        <\/div>\n            <div class='image_container'>\n            <div class='image_link_wrapper'>\n                                <span class=\"gallery_link\">\n                    <a href='https:\/\/lgspeiteng.lu\/fr_FR\/f\/ngg\/2017'\n                               title=''>                    <\/a>\n                <\/span>\n                <span class=\"caption_link\">\n                    <a href='https:\/\/lgspeiteng.lu\/fr_FR\/f\/ngg\/2017'\n                               title=''>2017<\/a>\n                <\/span>\n                <div class=\"image_description\">\n                                    <\/div>\n                <br class=\"clear\"\/>\n            <\/div>\n        <\/div>\n            <div class='image_container'>\n            <div class='image_link_wrapper'>\n                                <span class=\"gallery_link\">\n                    <a href='https:\/\/lgspeiteng.lu\/fr_FR\/f\/ngg\/2016'\n                               title=''>                    <\/a>\n                <\/span>\n                <span class=\"caption_link\">\n                    <a href='https:\/\/lgspeiteng.lu\/fr_FR\/f\/ngg\/2016'\n                               title=''>2016<\/a>\n                <\/span>\n                <div class=\"image_description\">\n                                    <\/div>\n                <br class=\"clear\"\/>\n            <\/div>\n        <\/div>\n            <div class='image_container'>\n            <div class='image_link_wrapper'>\n                                <span class=\"gallery_link\">\n                    <a href='https:\/\/lgspeiteng.lu\/fr_FR\/f\/ngg\/2015'\n                               title=''><picture>\n\t\n<source srcset='https:\/\/lgspeiteng.lu\/wp-content\/gallery\/20210417-lu-diekirch-trimagesch-jocapi\/thumbs\/thumbs_202104171221436618.jpg' media=''>\n<img class=\"gallery_preview\" title=\"202104171221436618\" alt=\"202104171221436618\" width=\"240\" height=\"160\" style=\"max-width:240px;max-height:160px\" src=\"https:\/\/lgspeiteng.lu\/wp-content\/gallery\/20210417-lu-diekirch-trimagesch-jocapi\/thumbs\/thumbs_202104171221436618.jpg\" srcset=\"https:\/\/lgspeiteng.lu\/wp-content\/gallery\/20210417-lu-diekirch-trimagesch-jocapi\/thumbs\/thumbs_202104171221436618.jpg\" onerror=\"nggRetryFailedImage(this);\"\/>\n<\/picture>                    <\/a>\n                <\/span>\n                <span class=\"caption_link\">\n                    <a href='https:\/\/lgspeiteng.lu\/fr_FR\/f\/ngg\/2015'\n                               title=''>2015<\/a>\n                <\/span>\n                <div class=\"image_description\">\n                                    <\/div>\n                <br class=\"clear\"\/>\n            <\/div>\n        <\/div>\n            <div class='image_container'>\n            <div class='image_link_wrapper'>\n                                <span class=\"gallery_link\">\n                    <a href='https:\/\/lgspeiteng.lu\/fr_FR\/f\/ngg\/2014'\n                               title=''>                    <\/a>\n                <\/span>\n                <span class=\"caption_link\">\n                    <a href='https:\/\/lgspeiteng.lu\/fr_FR\/f\/ngg\/2014'\n                               title=''>2014<\/a>\n                <\/span>\n                <div class=\"image_description\">\n                                    <\/div>\n                <br class=\"clear\"\/>\n            <\/div>\n        <\/div>\n            <div class='image_container'>\n            <div class='image_link_wrapper'>\n                                <span class=\"gallery_link\">\n                    <a href='https:\/\/lgspeiteng.lu\/fr_FR\/f\/ngg\/2013'\n                               title=''>                    <\/a>\n                <\/span>\n                <span class=\"caption_link\">\n                    <a href='https:\/\/lgspeiteng.lu\/fr_FR\/f\/ngg\/2013'\n                               title=''>2013<\/a>\n                <\/span>\n                <div class=\"image_description\">\n                                    <\/div>\n                <br class=\"clear\"\/>\n            <\/div>\n        <\/div>\n            <div class='image_container'>\n            <div class='image_link_wrapper'>\n                                <span class=\"gallery_link\">\n                    <a href='https:\/\/lgspeiteng.lu\/fr_FR\/f\/ngg\/2012'\n                               title=''>                    <\/a>\n                <\/span>\n                <span class=\"caption_link\">\n                    <a href='https:\/\/lgspeiteng.lu\/fr_FR\/f\/ngg\/2012'\n                               title=''>2012<\/a>\n                <\/span>\n                <div class=\"image_description\">\n                                    <\/div>\n                <br class=\"clear\"\/>\n            <\/div>\n        <\/div>\n            <div class='image_container'>\n            <div class='image_link_wrapper'>\n                                <span class=\"gallery_link\">\n                    <a href='https:\/\/lgspeiteng.lu\/fr_FR\/f\/ngg\/2011'\n                               title=''>                    <\/a>\n                <\/span>\n                <span class=\"caption_link\">\n                    <a href='https:\/\/lgspeiteng.lu\/fr_FR\/f\/ngg\/2011'\n                               title=''>2011<\/a>\n                <\/span>\n                <div class=\"image_description\">\n                                    <\/div>\n                <br class=\"clear\"\/>\n            <\/div>\n        <\/div>\n            <div class='image_container'>\n            <div class='image_link_wrapper'>\n                                <span class=\"gallery_link\">\n                    <a href='https:\/\/lgspeiteng.lu\/fr_FR\/f\/ngg\/2010'\n                               title=''>                    <\/a>\n                <\/span>\n                <span class=\"caption_link\">\n                    <a href='https:\/\/lgspeiteng.lu\/fr_FR\/f\/ngg\/2010'\n                               title=''>2010<\/a>\n                <\/span>\n                <div class=\"image_description\">\n                                    <\/div>\n                <br class=\"clear\"\/>\n            <\/div>\n        <\/div>\n            <div class='image_container'>\n            <div class='image_link_wrapper'>\n                                <span class=\"gallery_link\">\n                    <a href='https:\/\/lgspeiteng.lu\/fr_FR\/f\/ngg\/2000-2009'\n                               title=''><picture>\n\t\n<source srcset='https:\/\/lgspeiteng.lu\/wp-content\/gallery\/20020717-lu-eschduerf-nationalen-lgs-avex-camp-jambalaya\/thumbs\/thumbs_200207272111532188.jpg' media=''>\n<img class=\"gallery_preview\" title=\"200207272111532188.\" alt=\"200207272111532188.\" width=\"240\" height=\"160\" style=\"max-width:240px;max-height:160px\" src=\"https:\/\/lgspeiteng.lu\/wp-content\/gallery\/20020717-lu-eschduerf-nationalen-lgs-avex-camp-jambalaya\/thumbs\/thumbs_200207272111532188.jpg\" srcset=\"https:\/\/lgspeiteng.lu\/wp-content\/gallery\/20020717-lu-eschduerf-nationalen-lgs-avex-camp-jambalaya\/thumbs\/thumbs_200207272111532188.jpg\" onerror=\"nggRetryFailedImage(this);\"\/>\n<\/picture>                    <\/a>\n                <\/span>\n                <span class=\"caption_link\">\n                    <a href='https:\/\/lgspeiteng.lu\/fr_FR\/f\/ngg\/2000-2009'\n                               title=''>2000-2009<\/a>\n                <\/span>\n                <div class=\"image_description\">\n                                    <\/div>\n                <br class=\"clear\"\/>\n            <\/div>\n        <\/div>\n            <div class='image_container'>\n            <div class='image_link_wrapper'>\n                                <span class=\"gallery_link\">\n                    <a href='https:\/\/lgspeiteng.lu\/fr_FR\/f\/ngg\/1990-1999'\n                               title=''>                    <\/a>\n                <\/span>\n                <span class=\"caption_link\">\n                    <a href='https:\/\/lgspeiteng.lu\/fr_FR\/f\/ngg\/1990-1999'\n                               title=''>1990-1999<\/a>\n                <\/span>\n                <div class=\"image_description\">\n                                    <\/div>\n                <br class=\"clear\"\/>\n            <\/div>\n        <\/div>\n            <div class='image_container'>\n            <div class='image_link_wrapper'>\n                                <span class=\"gallery_link\">\n                    <a href='https:\/\/lgspeiteng.lu\/fr_FR\/f\/ngg\/1980-1989'\n                               title=''>                    <\/a>\n                <\/span>\n                <span class=\"caption_link\">\n                    <a href='https:\/\/lgspeiteng.lu\/fr_FR\/f\/ngg\/1980-1989'\n                               title=''>1980-1989<\/a>\n                <\/span>\n                <div class=\"image_description\">\n                                    <\/div>\n                <br class=\"clear\"\/>\n            <\/div>\n        <\/div>\n            <div class='image_container'>\n            <div class='image_link_wrapper'>\n                                <span class=\"gallery_link\">\n                    <a href='https:\/\/lgspeiteng.lu\/fr_FR\/f\/ngg\/1970-1979'\n                               title=''>                    <\/a>\n                <\/span>\n                <span class=\"caption_link\">\n                    <a href='https:\/\/lgspeiteng.lu\/fr_FR\/f\/ngg\/1970-1979'\n                               title=''>1970-1979<\/a>\n                <\/span>\n                <div class=\"image_description\">\n                                    <\/div>\n                <br class=\"clear\"\/>\n            <\/div>\n        <\/div>\n            <div class='image_container'>\n            <div class='image_link_wrapper'>\n                                <span class=\"gallery_link\">\n                    <a href='https:\/\/lgspeiteng.lu\/fr_FR\/f\/ngg\/1960-1969'\n                               title=''>                    <\/a>\n                <\/span>\n                <span class=\"caption_link\">\n                    <a href='https:\/\/lgspeiteng.lu\/fr_FR\/f\/ngg\/1960-1969'\n                               title=''>1960-1969<\/a>\n                <\/span>\n                <div class=\"image_description\">\n                                    <\/div>\n                <br class=\"clear\"\/>\n            <\/div>\n        <\/div>\n            <div class='image_container'>\n            <div class='image_link_wrapper'>\n                                <span class=\"gallery_link\">\n                    <a href='https:\/\/lgspeiteng.lu\/fr_FR\/f\/ngg\/1945-1959'\n                               title=''><picture>\n\t\n<source srcset='https:\/\/lgspeiteng.lu\/wp-content\/gallery\/19460000-lu-petange-young-guides-and-scouts-saluting\/thumbs\/thumbs_L_G_-Pe_iteng-Guiden-ca_-1945.jpg' media=''>\n<img class=\"gallery_preview\" title=\"L.G. Pe\u0301iteng - Guiden ca. 1945.\" alt=\"L.G. Pe\u0301iteng - Guiden ca. 1945.\" width=\"240\" height=\"160\" style=\"max-width:240px;max-height:160px\" src=\"https:\/\/lgspeiteng.lu\/wp-content\/gallery\/19460000-lu-petange-young-guides-and-scouts-saluting\/thumbs\/thumbs_L_G_-Pe_iteng-Guiden-ca_-1945.jpg\" srcset=\"https:\/\/lgspeiteng.lu\/wp-content\/gallery\/19460000-lu-petange-young-guides-and-scouts-saluting\/thumbs\/thumbs_L_G_-Pe_iteng-Guiden-ca_-1945.jpg\" onerror=\"nggRetryFailedImage(this);\"\/>\n<\/picture>                    <\/a>\n                <\/span>\n                <span class=\"caption_link\">\n                    <a href='https:\/\/lgspeiteng.lu\/fr_FR\/f\/ngg\/1945-1959'\n                               title=''>1945-1959<\/a>\n                <\/span>\n                <div class=\"image_description\">\n                                    <\/div>\n                <br class=\"clear\"\/>\n            <\/div>\n        <\/div>\n            <div class='image_container'>\n            <div class='image_link_wrapper'>\n                                <span class=\"gallery_link\">\n                    <a href='https:\/\/lgspeiteng.lu\/fr_FR\/f\/ngg\/1925-1940'\n                               title=''>                    <\/a>\n                <\/span>\n                <span class=\"caption_link\">\n                    <a href='https:\/\/lgspeiteng.lu\/fr_FR\/f\/ngg\/1925-1940'\n                               title=''>1925-1944<\/a>\n                <\/span>\n                <div class=\"image_description\">\n                                    <\/div>\n                <br class=\"clear\"\/>\n            <\/div>\n        <\/div>\n            <div class='image_container'>\n            <div class='image_link_wrapper'>\n                                <span class=\"gallery_link\">\n                    <a href='https:\/\/lgspeiteng.lu\/fr_FR\/f\/ngg\/1907-1924'\n                               title=''>                    <\/a>\n                <\/span>\n                <span class=\"caption_link\">\n                    <a href='https:\/\/lgspeiteng.lu\/fr_FR\/f\/ngg\/1907-1924'\n                               title=''>1907-1924<\/a>\n                <\/span>\n                <div class=\"image_description\">\n                                    <\/div>\n                <br class=\"clear\"\/>\n            <\/div>\n        <\/div>\n    <\/div>\n\n","protected":false},"excerpt":{"rendered":"<p>&#8230;<\/p>\n","protected":false},"author":10,"featured_media":0,"parent":0,"menu_order":0,"comment_status":"closed","ping_status":"closed","template":"","meta":{"ngg_post_thumbnail":0},"uagb_featured_image_src":{"full":false,"thumbnail":false,"medium":false,"medium_large":false,"large":false,"1536x1536":false,"2048x2048":false},"uagb_author_info":{"display_name":"Administrator","author_link":"https:\/\/lgspeiteng.lu\/fr_FR\/author\/lgsadmin"},"uagb_comment_info":0,"uagb_excerpt":"...","_links":{"self":[{"href":"https:\/\/lgspeiteng.lu\/fr_FR\/wp-json\/wp\/v2\/pages\/4489"}],"collection":[{"href":"https:\/\/lgspeiteng.lu\/fr_FR\/wp-json\/wp\/v2\/pages"}],"about":[{"href":"https:\/\/lgspeiteng.lu\/fr_FR\/wp-json\/wp\/v2\/types\/page"}],"author":[{"embeddable":true,"href":"https:\/\/lgspeiteng.lu\/fr_FR\/wp-json\/wp\/v2\/users\/10"}],"replies":[{"embeddable":true,"href":"https:\/\/lgspeiteng.lu\/fr_FR\/wp-json\/wp\/v2\/comments?post=4489"}],"version-history":[{"count":13,"href":"https:\/\/lgspeiteng.lu\/fr_FR\/wp-json\/wp\/v2\/pages\/4489\/revisions"}],"predecessor-version":[{"id":12482,"href":"https:\/\/lgspeiteng.lu\/fr_FR\/wp-json\/wp\/v2\/pages\/4489\/revisions\/12482"}],"wp:attachment":[{"href":"https:\/\/lgspeiteng.lu\/fr_FR\/wp-json\/wp\/v2\/media?parent=4489"}],"curies":[{"name":"wp","href":"https:\/\/api.w.org\/{rel}","templated":true}]}}