{"id":8313,"date":"2018-05-15T09:45:17","date_gmt":"2018-05-15T07:45:17","guid":{"rendered":"http:\/\/lgspeiteng.lu\/?page_id=8313"},"modified":"2020-04-09T22:23:47","modified_gmt":"2020-04-09T20:23:47","slug":"ps","status":"publish","type":"page","link":"https:\/\/lgspeiteng.lu\/fr_FR\/ps","title":{"rendered":"Collection de papier"},"content":{"rendered":"\n<h2>D\u00e9i n\u00e4chst Pabeiersammlungen<\/h2>\n\n\n\n<section class=\"wp-block-uagb-section uagb-section__wrap uagb-section__background-undefined uagb-block-fde16ba6-5f44-4d7d-95cc-2af00bf05238\"><div class=\"uagb-section__overlay\"><\/div><div class=\"uagb-section__inner-wrap\">\n<p>D&rsquo;Pabeiersammlung vum 18. Abr\u00ebll f\u00ebnnt statt. Si g\u00ebtt awer vu Gemengenaarbechter an net vun de Scouten gemaach.<\/p>\n<\/div><\/section>\n\n\n<div  id=\"events_wrap\"  ><a class=\"noeventsmessage\" style=\"cursor:help;\" href=\"\" title=\"events = 12, days = 366, daysoffset = -1, start = 23 Apr 00:00, end = 23 Apr 59:59\"> No events found within criteria<\/a><\/div>\n\n\n\n<div class=\"mceItem mceNonEditable nggPlaceholder\" id=\"1586416486058\" data-shortcode=\"ngg src=&quot;galleries&quot; ids=&quot;54&quot; exclusions=&quot;2014,2015,2016,2017,2018,2019,2020,2021,2022,2023,2024,2026,2027,2028,2029,2030,2031,2032,2033,2034,2035,2036,2037,2038,2039,2040,2041,2042,2043,2044,2045,2046,2047,2048,2049,2050,2051,2052,2053,2054,2055,2056,2057,2058,2059,2060,2061,2062,2063,2064,2065,2066,2067&quot; display=&quot;pro_blog_gallery&quot;\" data-mce-resize=\"false\" data-mce-placeholder=\"1\" contenteditable=\"false\"><p><\/p>\n<h3>NextGEN Gallery<\/h3>\n<div class=\"nggPlaceholderButton nggIgwEdit\">\n        \tEdit\n        <\/div>\n<div class=\"nggPlaceholderButton nggIgwRemove\">\n        \tDelete\n        <\/div>\n<p><\/p><\/div>\n\n\n\n<h2>Volontariat &amp; \u00cbmweltschutz<\/h2>\n\n\n\n<p>D&rsquo;Pabeiersammlung g\u00ebtt vu fr\u00e4iw\u00ebllege Chef, Mataarbechter a CaraPio vun de P\u00e9itenger Guiden a Scouten an hirer Fr\u00e4iz\u00e4it gemaach.<\/p>\n\n\n\n<p>Andeems dir \u00e4re Pabeier fir eis eraus setzt an en net an d\u00e9i schwaarz Drecksk\u00ebscht geheit kann e weider verw\u00e4ert ginn. Esou h\u00eblleft der d&rsquo;Natur ze schounen.<\/p>\n\n\n\n<h2>H\u00eblleft eis andeem s der \u00e4r P\u00e4ck konform halt<\/h2>\n\n\n\n<ul><li>Halt \u00e4r P\u00e4ck an enger <strong>Gr\u00e9isst<\/strong> d\u00e9i 1 Persoun ophiewe kann.<br>\n<span style=\"color: #008000;\"><strong>Ideal Gr\u00e9isst<\/strong><\/span>: W\u00e4ik\u00ebschten (ongef\u00e9ier 20x30x40cm)<br>\nSchlecht Gr\u00e9isst: Frigosk\u00ebschten, Miwwelk\u00ebschten, Fernsehk\u00ebschten.<\/li><li>Halt \u00e4r P\u00e4ck \u00ebnner <strong>10kg<\/strong>.<\/li><li>Maacht just <strong>Pabeier a Karton<\/strong> an de Pak. Styropor ass kee Pabeier.<\/li><li>Maacht \u00e4re Pak esou zou dass en net futti fiert wa mir en oplueden. Am beschte ginn d&rsquo;K\u00ebschten <strong>zou gepescht<\/strong>.<\/li><li>Maacht eidel K\u00ebschten (z.B. vu Miwwel) <strong>platt<\/strong> a bannt se mat Ficelle zesummen.<\/li><\/ul>\n\n\n\n<h2>Falls \u00e4re Pak emol net mat geholl gouf<\/h2>\n\n\n\n<ul><li>Setzt \u00e4re Pak fir 8:30 eraus fir dass mer en net verpassen.<\/li><li>Mir k\u00ebnne just konform P\u00e4ck op lueden. Anerefalls pesche mer e roude Sticker drop fir op de Problem hinn ze weisen:\n<ul>\n<li>De Pak ass ze schw\u00e9ier.<\/li>\n<li><img loading=\"lazy\" class=\"wp-image-9025 aligncenter\" src=\"https:\/\/lgspeiteng.lu\/wp-content\/uploads\/heavy.png\" alt=\"\" width=\"147\" height=\"150\" srcset=\"https:\/\/lgspeiteng.lu\/wp-content\/uploads\/heavy.png 381w, https:\/\/lgspeiteng.lu\/wp-content\/uploads\/heavy-294x300.png 294w\" sizes=\"(max-width: 147px) 100vw, 147px\" \/>De Pak ass ze grouss.<br>\n<img loading=\"lazy\" class=\"aligncenter size-thumbnail wp-image-9026\" src=\"https:\/\/lgspeiteng.lu\/wp-content\/uploads\/large-150x150.png\" alt=\"\" width=\"150\" height=\"150\"><\/li>\n<li>Am Pak sin Materialien d\u00e9i net Pabeier oder Karton sinn, zum Beispill Glas, Metall, Plastik, Styropor oder Iessreschter.<br>\n<img loading=\"lazy\" class=\"aligncenter size-thumbnail wp-image-9028\" src=\"https:\/\/lgspeiteng.lu\/wp-content\/uploads\/not-paper-150x150.png\" alt=\"\" width=\"150\" height=\"150\"><\/li>\n<li>De Pabeier ass net verpakt oder de Pak f\u00e4llt auserneen.<br>\n<img loading=\"lazy\" class=\"aligncenter size-thumbnail wp-image-9027\" src=\"https:\/\/lgspeiteng.lu\/wp-content\/uploads\/pile-150x150.png\" alt=\"\" width=\"150\" height=\"150\"><\/li>\n<\/ul>\n<\/li><\/ul>\n","protected":false},"excerpt":{"rendered":"<p>&#8230;<\/p>\n","protected":false},"author":6,"featured_media":0,"parent":0,"menu_order":0,"comment_status":"closed","ping_status":"closed","template":"","meta":{"ngg_post_thumbnail":0},"uagb_featured_image_src":{"full":false,"thumbnail":false,"medium":false,"medium_large":false,"large":false,"1536x1536":false,"2048x2048":false},"uagb_author_info":{"display_name":"Gilles","author_link":"https:\/\/lgspeiteng.lu\/fr_FR\/author\/gloda"},"uagb_comment_info":0,"uagb_excerpt":"...","_links":{"self":[{"href":"https:\/\/lgspeiteng.lu\/fr_FR\/wp-json\/wp\/v2\/pages\/8313"}],"collection":[{"href":"https:\/\/lgspeiteng.lu\/fr_FR\/wp-json\/wp\/v2\/pages"}],"about":[{"href":"https:\/\/lgspeiteng.lu\/fr_FR\/wp-json\/wp\/v2\/types\/page"}],"author":[{"embeddable":true,"href":"https:\/\/lgspeiteng.lu\/fr_FR\/wp-json\/wp\/v2\/users\/6"}],"replies":[{"embeddable":true,"href":"https:\/\/lgspeiteng.lu\/fr_FR\/wp-json\/wp\/v2\/comments?post=8313"}],"version-history":[{"count":25,"href":"https:\/\/lgspeiteng.lu\/fr_FR\/wp-json\/wp\/v2\/pages\/8313\/revisions"}],"predecessor-version":[{"id":9705,"href":"https:\/\/lgspeiteng.lu\/fr_FR\/wp-json\/wp\/v2\/pages\/8313\/revisions\/9705"}],"wp:attachment":[{"href":"https:\/\/lgspeiteng.lu\/fr_FR\/wp-json\/wp\/v2\/media?parent=8313"}],"curies":[{"name":"wp","href":"https:\/\/api.w.org\/{rel}","templated":true}]}}