{"id":9261,"date":"2020-04-05T21:42:31","date_gmt":"2020-04-05T19:42:31","guid":{"rendered":"https:\/\/lgspeiteng.lu\/?page_id=9261"},"modified":"2020-04-13T11:56:59","modified_gmt":"2020-04-13T09:56:59","slug":"iwwer-eis","status":"publish","type":"page","link":"https:\/\/lgspeiteng.lu\/fr_FR\/iwwer-eis","title":{"rendered":"Iwwer eis"},"content":{"rendered":"\n<section class=\"wp-block-uagb-section uagb-section__wrap uagb-section__background-image uagb-block-98972cfa-915f-46e0-8568-36973b9f8098\"><div class=\"uagb-section__overlay\"><\/div><div class=\"uagb-section__inner-wrap\">\n<div class=\"wp-block-uagb-advanced-heading uagb-block-f42a9b18-0313-4bd9-a74f-454ae312486e\" id=\"uagb-adv-heading-39e34168-4059-4c71-9558-eae261c0d5e4\"><h1 class=\"uagb-heading-text\">Wee mir sinn<\/h1><p class=\"uagb-desc-text\"><\/p><\/div>\n\n\n\n<section class=\"wp-block-uagb-section uagb-section__wrap uagb-section__background-undefined uagb-block-361f26ad-91ed-4f61-b1e1-108cb20b973d\"><div class=\"uagb-section__overlay\"><\/div><div class=\"uagb-section__inner-wrap\"><\/div><\/section>\n<\/div><\/section>\n\n\n\n<section class=\"wp-block-uagb-section uagb-section__wrap uagb-section__background-none uagb-block-7c26036b-c020-444d-b925-8e6bb60c9b4b\"><div class=\"uagb-section__overlay\"><\/div><div class=\"uagb-section__inner-wrap\">\n<p>D\u2019P\u00e9itenger Guiden an Scouten get et scho s\u00e4it 1925. Eis Branchen hunn an der Schoulz\u00e4it all Samgdeg Versammlung zu P\u00e9iteng, am wonnersch\u00e9inen Naturschutzgebitt vum Pr\u00ebnzebierg. Eis Versammlungen sin am <a href=\"https:\/\/lgspeiteng.lu\/chalet\">Chalet<\/a>, deen 2006 komplett renov\u00e9iert gouf, an an den S\u00e4ll rondr\u00ebm. Well mer sou no um B\u00ebsch sinn, profit\u00e9ire mer dovun vir mat de Kanner an de Judendleche vill Z\u00e4it an der Natur ze verbr\u00e9ngen.<\/p>\n<\/div><\/section>\n\n\n\n<section class=\"wp-block-uagb-section uagb-section__wrap uagb-section__background-color uagb-block-5904fabf-407e-4099-a13e-781e992b98b6\"><div class=\"uagb-section__overlay\"><\/div><div class=\"uagb-section__inner-wrap\">\n<div class=\"wp-block-columns has-2-columns\">\n<div class=\"wp-block-column\">\n<div class=\"uagb-infobox__outer-wrap uagb-block-22c8826e-3504-4ec5-be61-846a597a3358\"><div class=\"uagb-infobox__content-wrap uagb-infobox uagb-infobox-has-icon uagb-infobox-icon-above-title uagb-infobox-image-valign-top uagb-infobox-enable-border-radius \"><div class=\"uagb-ifb-left-right-wrap\"><div class=\"uagb-ifb-content\"><div class=\"uagb-ifb-title-wrap\"><span class=\"uagb-ifb-title-prefix\">P<\/span><h2 class=\"uagb-ifb-title\">Mee waat sin eigentlech Guiden an Scouten?<\/h2><\/div><div class=\"uagb-ifb-separator-parent\"><div class=\"uagb-ifb-separator\"><\/div><\/div><div class=\"uagb-ifb-text-wrap\"><p class=\"uagb-ifb-desc\"><strong><em>Bei eis kanns du Villerlee erliewen a l\u00e9ieren.<\/em><\/strong><\/p><\/div><\/div><\/div><\/div><\/div>\n\n\n\n<p>Du kanns mat Fr\u00ebnn zesummen eng starten oder d\u00e9ng ausgefaalendst Idde\u00ebn \u00ebmsetzen! Du kanns mat entscheeden wat mer an den Versammlungen machen an dech do asetzen wou et derw\u00e4rt as. An den Guiden an Scouten kanns de vills\u00e4iteg Erfahrungen machen an Fr\u00ebnschaften mat Leit aus aneren Scoutsgruppen aus L\u00ebtzebuerg an der ganzer Welt kn\u00e4ppen.<\/p>\n<\/div>\n\n\n\n<div class=\"wp-block-column\">\n<figure class=\"wp-block-image size-large\"><img loading=\"lazy\" width=\"800\" height=\"533\" src=\"https:\/\/lgspeiteng.lu\/wp-content\/uploads\/ngg_featured\/20120707-141434-9784-web_.jpg\" alt=\"\" class=\"wp-image-7101\" srcset=\"https:\/\/lgspeiteng.lu\/wp-content\/uploads\/ngg_featured\/20120707-141434-9784-web_.jpg 800w, https:\/\/lgspeiteng.lu\/wp-content\/uploads\/ngg_featured\/20120707-141434-9784-web_-300x200.jpg 300w, https:\/\/lgspeiteng.lu\/wp-content\/uploads\/ngg_featured\/20120707-141434-9784-web_-768x512.jpg 768w\" sizes=\"(max-width: 800px) 100vw, 800px\" \/><\/figure>\n<\/div>\n<\/div>\n\n\n\n<p><\/p>\n<\/div><\/section>\n\n\n\n<section class=\"wp-block-uagb-section uagb-section__wrap uagb-section__background-color uagb-block-d82292c7-8d9f-41af-aec5-72ce77df177e\"><div class=\"uagb-section__overlay\"><\/div><div class=\"uagb-section__inner-wrap\">\n<div class=\"wp-block-columns has-background has-2-columns\" style=\"background-color:#e8f6ff\">\n<div class=\"wp-block-column is-vertically-aligned-top\">\n<div class=\"uagb-infobox__outer-wrap uagb-block-4cc3c2fc-a667-479c-baf6-f19898d64bfa\"><div class=\"uagb-infobox__content-wrap uagb-infobox uagb-infobox-has-icon uagb-infobox-icon-above-title uagb-infobox-image-valign-top uagb-infobox-enable-border-radius \"><div class=\"uagb-ifb-left-right-wrap\"><div class=\"uagb-ifb-content\"><div class=\"uagb-ifb-title-wrap\"><span class=\"uagb-ifb-title-prefix\">P<\/span><h4 class=\"uagb-ifb-title\">JIDDEREEN ZIELT<\/h4><\/div><div class=\"uagb-ifb-separator-parent\"><div class=\"uagb-ifb-separator\"><\/div><\/div><div class=\"uagb-ifb-text-wrap\"><p class=\"uagb-ifb-desc\"><em>Et as eis wichteg jiddfer Eenzelnen am Grupp eng Chance ze gin fir all Ber\u00e4icher vum M\u00ebnsch ze entw\u00e9ckelen: Kierper, Geescht an Charakter. <\/em><\/p><\/div><\/div><\/div><\/div><\/div>\n\n\n\n<p><em>Bei eis l\u00e9ieren d\u2019Kanner an d\u00e9i Jonk eis \u00cbmwelt ze respekt\u00e9ieren. Si gin encourag\u00e9iert sech fir Fridden an Gerechtegkeet an ze setzen, an sech partnerschaftlech ze verhaalen t\u00ebscht Jongen a Meedercher, M\u00e4nner a Fraen.<\/em><\/p>\n<\/div>\n\n\n\n<div class=\"wp-block-column\">\n<div class=\"uagb-infobox__outer-wrap uagb-block-8ebdbae0-9b85-4c3e-9568-b02daa1389db\"><div class=\"uagb-infobox__content-wrap uagb-infobox uagb-infobox-has-icon uagb-infobox-icon-above-title uagb-infobox-image-valign-top uagb-infobox-enable-border-radius \"><div class=\"uagb-ifb-left-right-wrap\"><div class=\"uagb-ifb-content\"><div class=\"uagb-ifb-title-wrap\"><span class=\"uagb-ifb-title-prefix\">P<\/span><h4 class=\"uagb-ifb-title\">ESOU SCHAFFE MIR<\/h4><\/div><div class=\"uagb-ifb-separator-parent\"><div class=\"uagb-ifb-separator\"><\/div><\/div><div class=\"uagb-ifb-text-wrap\"><p class=\"uagb-ifb-desc\"><em>Zu eiser Method geh\u00e9ieren d\u2019L\u00e9ieren duerch Selwermaachen, d\u2019Spill an d\u2019Aarbecht an klengen Equippen: D\u00e9i Jonk gin nom Alter agedeelt an d\u00ebs Branchen: Biber, WiW\u00ebl, AvEx, CaraPio, RaRo an Albatrossen. <\/em><\/p><\/div><\/div><\/div><\/div><\/div>\n\n\n\n<p><em><em>Wichteg sin eis d\u2019Liewen an an mat der Natur, den Asaatz fir Aanerer, den Engagement, d\u2019Matbest\u00ebmmung an d\u2019Matverantwortung. D\u00ebs W\u00e4rter gin mer w\u00e4hrend eisen Aktivit\u00e9iten weider: All Schoulwoch eng Versammlung, ongef\u00e9ier all Trimester e Weekend, all Summer e groussen Camp.<\/em><\/em><\/p>\n<\/div>\n<\/div>\n\n\n\n<p><\/p>\n<\/div><\/section>\n\n\n\n<section class=\"wp-block-uagb-section uagb-section__wrap uagb-section__background-image uagb-block-543d334b-c389-4af7-9926-807d330646c8\"><div class=\"uagb-section__overlay\"><\/div><div class=\"uagb-section__inner-wrap\">\n<section class=\"wp-block-uagb-columns uagb-columns__wrap uagb-columns__background-undefined uagb-columns__stack-mobile uagb-columns__valign-undefined uagb-columns__gap-10 alignundefined uagb-block-4a84c895-cae0-4880-8fa5-b9ac8c3bea88\"><div class=\"uagb-columns__overlay\"><\/div><div class=\"uagb-columns__inner-wrap uagb-columns__columns-2\">\n<div class=\"wp-block-uagb-column uagb-column__wrap uagb-column__background-undefined uagb-block-461b77c1-fc4c-4565-b1cc-0f210858ec1e\"><div class=\"uagb-column__overlay\"><\/div><div class=\"uagb-column__inner-wrap\">\n<p><\/p>\n<\/div><\/div>\n\n\n\n<div class=\"wp-block-uagb-column uagb-column__wrap uagb-column__background-undefined uagb-block-50d600d5-467c-4fa9-a969-ea9f4b0e78b7\"><div class=\"uagb-column__overlay\"><\/div><div class=\"uagb-column__inner-wrap\">\n<div class=\"wp-block-uagb-advanced-heading uagb-block-dd842da1-f4df-485f-9ac5-61c93cfff0c3\"><h2 class=\"uagb-heading-text\"><br>\u00ab\u00a0Franz vun Assisi\u00a0\u00bb?<\/h2><div class=\"uagb-separator-wrap\"><div class=\"uagb-separator\"><\/div><\/div><p class=\"uagb-desc-text\">D\u00ebsen Numm huet eise Grupp sech bei der Fusioun vun de P\u00e9itenger Guiden a P\u00e9itenger Scouten ginn. D&rsquo;Wiel vun eisem Patroun f\u00e4lt op den Hellegen Franz vun Assisi well hien d&rsquo;Idealer Respekt vu Natur an \u00cbmwelt an einfacht Liewen, verkierpert.<\/p><\/div>\n\n\n\n<p><\/p>\n<\/div><\/div>\n<\/div><\/section>\n\n\n\n<p><\/p>\n<\/div><\/section>\n\n\n\n<div class=\"wp-block-uagb-advanced-heading uagb-block-a4cb24c0-9d17-40d7-bb5b-307467b339a4\"><h2 class=\"uagb-heading-text\">Eis Struktur<\/h2><div class=\"uagb-separator-wrap\"><div class=\"uagb-separator\"><\/div><\/div><p class=\"uagb-desc-text\"><\/p><\/div>\n\n\n\n<section class=\"wp-block-uagb-section uagb-section__wrap uagb-section__background-undefined uagb-block-b077ac6c-8ea7-4329-ba7b-1cf730547f76\"><div class=\"uagb-section__overlay\"><\/div><div class=\"uagb-section__inner-wrap\">\n<p>Bei den P\u00e9itenger Guiden a Scouten gin \u00ebt gem\u00ebscht Gruppen. Och Kanner an Jugendlecher mat Beh\u00ebnnerung k\u00ebnne matmaachen. All Guiden- a Scoutstrupp huet Cheftainen a Chef d\u00e9i eng Formatioun matgemach hun an d\u00e9i op fr\u00e4iw\u00eblleger Basis mat dene Jonke schaffen. Vu 17 Jo\u00ebr un kann ee Chef respektiv Cheftaine gin.<br>Eis Versammlungen sin all Samgdeg an der Schoulz\u00e4it vun 14-16 Auer (Biber, W\u00ebllef, AvEx an CaraPio) an vun 16-18 Auer (RaRo) um Pr\u00ebnzebierg zu P\u00e9iteng. Kuckt am <a href=\"https:\/\/lgspeiteng.lu\/agenda\">Agenda<\/a> fir genee Detailer gewuer ze gin, oder benotzt den <a href=\"https:\/\/lgspeiteng.lu\/kontakt\">Kontakt<\/a> Formular fir eis direkt ze kontakt\u00e9iren.<\/p>\n\n\n\n<p><\/p>\n<\/div><\/section>\n\n\n\n<p><\/p>\n","protected":false},"excerpt":{"rendered":"<p>&#8230;<\/p>\n","protected":false},"author":10,"featured_media":0,"parent":0,"menu_order":0,"comment_status":"closed","ping_status":"closed","template":"","meta":{"ngg_post_thumbnail":0},"uagb_featured_image_src":{"full":false,"thumbnail":false,"medium":false,"medium_large":false,"large":false,"1536x1536":false,"2048x2048":false},"uagb_author_info":{"display_name":"Administrator","author_link":"https:\/\/lgspeiteng.lu\/fr_FR\/author\/lgsadmin"},"uagb_comment_info":0,"uagb_excerpt":"...","_links":{"self":[{"href":"https:\/\/lgspeiteng.lu\/fr_FR\/wp-json\/wp\/v2\/pages\/9261"}],"collection":[{"href":"https:\/\/lgspeiteng.lu\/fr_FR\/wp-json\/wp\/v2\/pages"}],"about":[{"href":"https:\/\/lgspeiteng.lu\/fr_FR\/wp-json\/wp\/v2\/types\/page"}],"author":[{"embeddable":true,"href":"https:\/\/lgspeiteng.lu\/fr_FR\/wp-json\/wp\/v2\/users\/10"}],"replies":[{"embeddable":true,"href":"https:\/\/lgspeiteng.lu\/fr_FR\/wp-json\/wp\/v2\/comments?post=9261"}],"version-history":[{"count":13,"href":"https:\/\/lgspeiteng.lu\/fr_FR\/wp-json\/wp\/v2\/pages\/9261\/revisions"}],"predecessor-version":[{"id":9865,"href":"https:\/\/lgspeiteng.lu\/fr_FR\/wp-json\/wp\/v2\/pages\/9261\/revisions\/9865"}],"wp:attachment":[{"href":"https:\/\/lgspeiteng.lu\/fr_FR\/wp-json\/wp\/v2\/media?parent=9261"}],"curies":[{"name":"wp","href":"https:\/\/api.w.org\/{rel}","templated":true}]}}