{"id":9314,"date":"2020-04-06T21:44:01","date_gmt":"2020-04-06T19:44:01","guid":{"rendered":"https:\/\/lgspeiteng.lu\/?page_id=9314"},"modified":"2021-09-03T08:50:05","modified_gmt":"2021-09-03T06:50:05","slug":"umellen","status":"publish","type":"page","link":"https:\/\/lgspeiteng.lu\/fr_FR\/umellen","title":{"rendered":"Rejoins nous!"},"content":{"rendered":"<section class=\"wp-block-uagb-section uagb-section__wrap uagb-section__background-image uagb-block-db4baa76-c283-4de4-aa89-30013f18ac82\">\n<div class=\"uagb-section__overlay\"><\/div>\n<div class=\"uagb-section__inner-wrap\">\n<div class=\"wp-block-uagb-advanced-heading uagb-block-7b6a2b6b-34d7-4e89-bbbc-5d1ac987327d\" id=\"uagb-adv-heading-39e34168-4059-4c71-9558-eae261c0d5e4\">\n<h1 class=\"uagb-heading-text\">Rejoins nous!<\/h1>\n<p class=\"uagb-desc-text\">\n<\/div>\n<\/div>\n<\/section>\n<section class=\"wp-block-uagb-section uagb-section__wrap uagb-section__background-undefined uagb-block-4c5f2def-9314-466a-8554-f28063c88fc6\">\n<div class=\"uagb-section__overlay\"><\/div>\n<div class=\"uagb-section__inner-wrap\">\n<p>Si votre enfant veut participer \u00e0 nos r\u00e9unions et activit\u00e9s, l&rsquo;enregistrement est tr\u00e8s simple: <strong>Passez tout simplement dans une de nos r\u00e9unions<\/strong> et parlez \u00e0 un des <a href=\"https:\/\/lgspeiteng.lu\/ekipp\">chefs<\/a>. Ils vous expliqueront tout et vous informeront quelle branche d&rsquo;\u00e2ge est la mieux adapt\u00e9e pour l&rsquo;enfant ou l&rsquo;adolescent. Vou spouvez d\u00e9j\u00e0 trouver plus d&rsquo;informations \u00e0 ce sujet sur la page <a href=\"https:\/\/lgspeiteng.lu\/iwwer-eis\">Qui sommes nous.<\/a><\/p>\n<p>Les dates des r\u00e9unions sont visibles dans notre <a href=\"http:\/\/agenda\">agenda<\/a>. La <strong>premi\u00e8re r\u00e9union<\/strong> de chaque ann\u00e9e scout est en <strong>septembre<\/strong> d\u00e8s que l&rsquo;\u00e9cole a commenc\u00e9e. Pour les branches Biber, Louvetaux (W\u00ebllef), AvEx et CaraPio les r\u00e9unions sont les <strong>samedis<\/strong> de 14:00-16:00. Les RaRo (17-23 ans) se donnent rendez-vous les <strong>samedis<\/strong> de 16:15-18:30.<br \/>Notre lieu de rencontre est le <a href=\"https:\/\/lgspeiteng.lu\/chalet\">chalet<\/a> au Pr\u00ebnzebierg dans la rue Belle Vue \u00e0 P\u00e9tange. Veuillez garer votre voiture en bas et monter \u00e0 pied.<\/p>\n<p>Si vous avez d&rsquo;autres questions, vous pouvez utiliser notre formulaire de <a href=\"https:\/\/lgspeiteng.lu\/kontakt\">contact<\/a>!<\/p>\n<\/div>\n<\/section>\n\n\n\t\t\t\t<div id=\"map_ol3js_1\" class=\"map undefined\" data-map_name=\"undefined\" data-map=\"map_ol3js_1\" style=\"width:100%; max-width:100%; height:650px; display:block; overflow:hidden;border:2px solid grey;\" >\n\t\t\t\t  <div id=\"map_ol3js_1_popup\" class=\"ol-popup\" >\n\t\t\t\t\t<a href=\"#\" id=\"map_ol3js_1_popup-closer\" class=\"ol-popup-closer\"><\/a>\n\t\t\t\t\t<div id=\"map_ol3js_1_popup-content\" ><\/div>\n\t\t\t\t  <\/div>\n\t\t\t\t<\/div>\n\t\t\t\n\t\t\t\t<link rel=\"stylesheet\" href=\"https:\/\/lgspeiteng.lu\/wp-content\/plugins\/osm\/js\/OL\/6.5.0\/ol.css\" type=\"text\/css\">\n\t\t\t\t<link rel=\"stylesheet\" href=\"https:\/\/lgspeiteng.lu\/wp-content\/plugins\/osm\/css\/osm_map_v3.css\" type=\"text\/css\">\n\t\t\t\t<link rel=\"stylesheet\" href=\"https:\/\/lgspeiteng.lu\/wp-content\/plugins\/osm\/css\/osm_map.css\" type=\"text\/css\">\n\t\t\t\t<!-- The line below is only needed for old environments like Internet Explorer and Android 4.x -->\n                                <script src=\"https:\/\/lgspeiteng.lu\/wp-content\/plugins\/osm\/js\/polyfill\/v2\/polyfill.min.js?features=requestAnimationFrame,Element.prototype.classList,URL\"><\/script>\n\n\t\t\t\t<script src=\"https:\/\/lgspeiteng.lu\/wp-content\/plugins\/osm\/js\/OL\/6.5.0\/ol.js\" type=\"text\/javascript\"><\/script>\n\t\t\t\t<script src=\"https:\/\/lgspeiteng.lu\/wp-content\/plugins\/osm\/js\/osm-v3-plugin-lib.js\" type=\"text\/javascript\"><\/script>\n\t\t\t\t<script src=\"https:\/\/lgspeiteng.lu\/wp-content\/plugins\/osm\/js\/osm-metabox-events.js\" type=\"text\/javascript\"><\/script>\n\t\t\t\t<script src=\"https:\/\/lgspeiteng.lu\/wp-content\/plugins\/osm\/js\/osm-startup-lib.js\" type=\"text\/javascript\"><\/script>\n\t\t\t\t<script type=\"text\/javascript\">\n\t\t\t\t\ttranslations['openlayer'] = \"open layer\";\n\t\t\t\t\ttranslations['openlayerAtStartup'] = \"open layer at startup\";\n\t\t\t\t\ttranslations['generateLink'] = \"link to this map with opened layers\";\n\t\t\t\t\ttranslations['shortDescription'] = \"short description\";\n\t\t\t\t\ttranslations['generatedShortCode'] = \"to get a text control link paste this code in your wordpress editor\";\n\t\t\t\t\ttranslations['closeLayer'] = \"close layer\";\n\t\t\t\t\ttranslations['cantGenerateLink'] = \"put this string in the existing map short code to control this map\";\n\t\t\t\t<\/script>\n\n\t\t\t  <script type=\"text\/javascript\">vectorM['map_ol3js_1'] = [];\n\n\tvar attribution = new ol.control.Attribution({\n        collapsible: false\n      });\n\n\n      \n      var raster = new ol.layer.Tile({\n        source: new ol.source.OSM({ }),\n        zIndex: 90\n      });\n      var Controls = ol.control.defaults({ attribution: false }).extend([\n          attribution\n      ]); \n\t\t\t  map_ol3js_1 = new ol.Map({\n\t\tcontrols: Controls,\n\t\t\n\t\t\t\tinteractions: ol.interaction.defaults({mouseWheelZoom:false}),\n\t\t\t\tlayers: [raster],\n\t\t\t\ttarget: \"map_ol3js_1\",\n\t\t\t\tview: new ol.View({\n\t\t\t\t  center: ol.proj.transform([5.871,49.549], \"EPSG:4326\", \"EPSG:3857\"),\n\t\t\t\t  zoom: 15\n\t\t\t\t})\n\t\t\t  });\n\t\t\t  \n\t\t  var osm_controls = [\n\t\t\tnew ol.control.Attribution(),\n\t\t\tnew ol.control.MousePosition({\n\t\t\t  undefinedHTML: \"outside\",\n\t\t\t  projection: \"EPSG:4326\",\n\t\t\t  coordinateFormat: function(coordinate) {\n\t\t\t\t return ol.coordinate.format(coordinate, \"{y}, {x}\", 5);\n\t\t\t  }\n\t\t\t}),\n\t\t\tnew ol.control.OverviewMap({\n\t\t\t  collapsed: false\n\t\t\t}),\n\t\t\tnew ol.control.Rotate({\n\t\t\t  autoHide: false\n\t\t\t}),\n\t\t\tnew ol.control.ScaleLine(),\n\t\t\tnew ol.control.Zoom(),\n\t\t\tnew ol.control.ZoomSlider(),\n\t\t\tnew ol.control.ZoomToExtent({\n      extent: [-11243808.051695308, 1.202710291, 9561377.290892059, 6852382.107835932]\n    }),\n\t\t\tnew ol.control.FullScreen()\n\t\t  ]; \nosm_addPopupClickhandler(map_ol3js_1,  \"map_ol3js_1\"); \nosm_addMouseHover(map_ol3js_1); <\/script>\n","protected":false},"excerpt":{"rendered":"<p><!-- wp:uagb\/section {\"classMigrate\":true,\"block_id\":\"db4baa76-c283-4de4-aa89-30013f18ac82\",\"topPadding\":230,\"bottomPadding\":190,\"bottomMargin\":20,\"topPaddingTablet\":100,\"bottomPaddingTablet\":100,\"topPaddingMobile\":80,\"bottomPaddingMobile\":80,\"conten...\n<\/p>\n","protected":false},"author":10,"featured_media":0,"parent":0,"menu_order":0,"comment_status":"closed","ping_status":"closed","template":"","meta":{"ngg_post_thumbnail":0},"uagb_featured_image_src":{"full":false,"thumbnail":false,"medium":false,"medium_large":false,"large":false,"1536x1536":false,"2048x2048":false},"uagb_author_info":{"display_name":"Administrator","author_link":"https:\/\/lgspeiteng.lu\/fr_FR\/author\/lgsadmin"},"uagb_comment_info":0,"uagb_excerpt":null,"_links":{"self":[{"href":"https:\/\/lgspeiteng.lu\/fr_FR\/wp-json\/wp\/v2\/pages\/9314"}],"collection":[{"href":"https:\/\/lgspeiteng.lu\/fr_FR\/wp-json\/wp\/v2\/pages"}],"about":[{"href":"https:\/\/lgspeiteng.lu\/fr_FR\/wp-json\/wp\/v2\/types\/page"}],"author":[{"embeddable":true,"href":"https:\/\/lgspeiteng.lu\/fr_FR\/wp-json\/wp\/v2\/users\/10"}],"replies":[{"embeddable":true,"href":"https:\/\/lgspeiteng.lu\/fr_FR\/wp-json\/wp\/v2\/comments?post=9314"}],"version-history":[{"count":16,"href":"https:\/\/lgspeiteng.lu\/fr_FR\/wp-json\/wp\/v2\/pages\/9314\/revisions"}],"predecessor-version":[{"id":12951,"href":"https:\/\/lgspeiteng.lu\/fr_FR\/wp-json\/wp\/v2\/pages\/9314\/revisions\/12951"}],"wp:attachment":[{"href":"https:\/\/lgspeiteng.lu\/fr_FR\/wp-json\/wp\/v2\/media?parent=9314"}],"curies":[{"name":"wp","href":"https:\/\/api.w.org\/{rel}","templated":true}]}}