{"id":932,"date":"2011-04-12T12:27:03","date_gmt":"2011-04-12T11:27:03","guid":{"rendered":"http:\/\/lgspeiteng.com"},"modified":"2024-11-05T16:55:55","modified_gmt":"2024-11-05T15:55:55","slug":"chalet","status":"publish","type":"page","link":"https:\/\/lgspeiteng.lu\/fr_FR\/chalet","title":{"rendered":"Chalet"},"content":{"rendered":"<h1>Le<br \/>\n chalet des guides et scouts de P\u00e9tange<\/h1>\n<p>no images were found<\/p>\n\n<h2>Acc\u00e8s<\/h2>\n<p>Notre chalet est situ\u00e9 \u00e0 P\u00e9tange au Pr\u00ebnzebierg, dans la r\u00e9serve naturelle en suivant la rue Bellevue jusqu&rsquo;au bord de la for\u00eat. <em>Chalet Pr\u00ebnzebierg Rue Bellevue L-4762 P\u00e9tange<\/em> \n\n\t\t\t\t<div id=\"map_ol3js_1\" class=\"map undefined\" data-map_name=\"undefined\" data-map=\"map_ol3js_1\" style=\"width:95%; max-width:100%; height:450px; display:block; overflow:hidden;border:thin solid ;\" >\n\t\t\t\t  <div id=\"map_ol3js_1_popup\" class=\"ol-popup\" >\n\t\t\t\t\t<a href=\"#\" id=\"map_ol3js_1_popup-closer\" class=\"ol-popup-closer\"><\/a>\n\t\t\t\t\t<div id=\"map_ol3js_1_popup-content\" ><\/div>\n\t\t\t\t  <\/div>\n\t\t\t\t<\/div>\n\t\t\t\n\t\t\t\t<link rel=\"stylesheet\" href=\"https:\/\/lgspeiteng.lu\/wp-content\/plugins\/osm\/js\/OL\/6.5.0\/ol.css\" type=\"text\/css\">\n\t\t\t\t<link rel=\"stylesheet\" href=\"https:\/\/lgspeiteng.lu\/wp-content\/plugins\/osm\/css\/osm_map_v3.css\" type=\"text\/css\">\n\t\t\t\t<link rel=\"stylesheet\" href=\"https:\/\/lgspeiteng.lu\/wp-content\/plugins\/osm\/css\/osm_map.css\" type=\"text\/css\">\n\t\t\t\t<!-- The line below is only needed for old environments like Internet Explorer and Android 4.x -->\n                                <script src=\"https:\/\/lgspeiteng.lu\/wp-content\/plugins\/osm\/js\/polyfill\/v2\/polyfill.min.js?features=requestAnimationFrame,Element.prototype.classList,URL\"><\/script>\n\n\t\t\t\t<script src=\"https:\/\/lgspeiteng.lu\/wp-content\/plugins\/osm\/js\/OL\/6.5.0\/ol.js\" type=\"text\/javascript\"><\/script>\n\t\t\t\t<script src=\"https:\/\/lgspeiteng.lu\/wp-content\/plugins\/osm\/js\/osm-v3-plugin-lib.js\" type=\"text\/javascript\"><\/script>\n\t\t\t\t<script src=\"https:\/\/lgspeiteng.lu\/wp-content\/plugins\/osm\/js\/osm-metabox-events.js\" type=\"text\/javascript\"><\/script>\n\t\t\t\t<script src=\"https:\/\/lgspeiteng.lu\/wp-content\/plugins\/osm\/js\/osm-startup-lib.js\" type=\"text\/javascript\"><\/script>\n\t\t\t\t<script type=\"text\/javascript\">\n\t\t\t\t\ttranslations['openlayer'] = \"open layer\";\n\t\t\t\t\ttranslations['openlayerAtStartup'] = \"open layer at startup\";\n\t\t\t\t\ttranslations['generateLink'] = \"link to this map with opened layers\";\n\t\t\t\t\ttranslations['shortDescription'] = \"short description\";\n\t\t\t\t\ttranslations['generatedShortCode'] = \"to get a text control link paste this code in your wordpress editor\";\n\t\t\t\t\ttranslations['closeLayer'] = \"close layer\";\n\t\t\t\t\ttranslations['cantGenerateLink'] = \"put this string in the existing map short code to control this map\";\n\t\t\t\t<\/script>\n\n\t\t\t  <script type=\"text\/javascript\">vectorM['map_ol3js_1'] = [];\n\n\tvar attribution = new ol.control.Attribution({\n        collapsible: false\n      });\n\n\n      \n        var raster = new ol.layer.Tile({\n          source: new ol.source.OSM()\n        });\n      var Controls = ol.control.defaults({ attribution: false }).extend([\n          attribution\n      ]); \n\t\t\t  map_ol3js_1 = new ol.Map({\n\t\tcontrols: Controls,\n\t\t\n\t\t\t\tinteractions: ol.interaction.defaults({mouseWheelZoom:false}),\n\t\t\t\tlayers: [raster],\n\t\t\t\ttarget: \"map_ol3js_1\",\n\t\t\t\tview: new ol.View({\n\t\t\t\t  center: ol.proj.transform([5.8705,49.5490], \"EPSG:4326\", \"EPSG:3857\"),\n\t\t\t\t  zoom: 17.303157997869764\n\t\t\t\t})\n\t\t\t  });\n\t\t\t  osm_addMarkerLayer(map_ol3js_1,5.8705,49.5490,\"https:\/\/lgspeiteng.lu\/wp-content\/plugins\/osm\/icons\/mic_red_pinother_02.png\",-16,-41,\"  <\/a><br \/>\") ; \n\t\t  var osm_controls = [\n\t\t\tnew ol.control.Attribution(),\n\t\t\tnew ol.control.MousePosition({\n\t\t\t  undefinedHTML: \"outside\",\n\t\t\t  projection: \"EPSG:4326\",\n\t\t\t  coordinateFormat: function(coordinate) {\n\t\t\t\t return ol.coordinate.format(coordinate, \"{y}, {x}\", 5);\n\t\t\t  }\n\t\t\t}),\n\t\t\tnew ol.control.OverviewMap({\n\t\t\t  collapsed: false\n\t\t\t}),\n\t\t\tnew ol.control.Rotate({\n\t\t\t  autoHide: false\n\t\t\t}),\n\t\t\tnew ol.control.ScaleLine(),\n\t\t\tnew ol.control.Zoom(),\n\t\t\tnew ol.control.ZoomSlider(),\n\t\t\tnew ol.control.ZoomToExtent({\n      extent: [-11243808.051695308, 1.202710291, 9561377.290892059, 6852382.107835932]\n    }),\n\t\t\tnew ol.control.FullScreen()\n\t\t  ]; \nosm_addPopupClickhandler(map_ol3js_1,  \"map_ol3js_1\"); \nosm_addMouseHover(map_ol3js_1); <\/script><\/p>\n<h2>R\u00e9servation<\/h2>\n<p>Notre chalet ne peut \u00eatre r\u00e9serv\u00e9 que par les groupes de guides et scouts. Les jours marqu\u00e9s en <span style=\"color: #ff0000;\"><strong>rouge<\/strong><\/span> ne sont plus disponibles. <iframe loading=\"lazy\" src=\"https:\/\/calendar.google.com\/calendar\/b\/2\/embed?height=600&amp;wkst=2&amp;bgcolor=%23ffffff&amp;ctz=Europe%2FLuxembourg&amp;src=anZyNmpqNHM2YXM3MjBnYXY0cnU4aDh2bWtAZ3JvdXAuY2FsZW5kYXIuZ29vZ2xlLmNvbQ&amp;src=ZGUubHUjaG9saWRheUBncm91cC52LmNhbGVuZGFyLmdvb2dsZS5jb20&amp;color=%23D50000&amp;color=%230B8043&amp;showTitle=0&amp;showPrint=0&amp;showTabs=0&amp;showCalendars=0&amp;showTz=0&amp;hl=fr\" width=\"800\" height=\"600\" frameborder=\"0\" scrolling=\"no\" data-mce-fragment=\"1\"><\/iframe><\/p>\n<h3>Formulaire de r\u00e9servation<\/h3>\n<div role=\"form\" class=\"wpcf7\" id=\"wpcf7-f8807-o1\" lang=\"lb-LU\" dir=\"ltr\">\n<div class=\"screen-reader-response\"><p role=\"status\" aria-live=\"polite\" aria-atomic=\"true\"><\/p> <ul><\/ul><\/div>\n<form action=\"\/fr_FR\/wp-json\/wp\/v2\/pages\/932#wpcf7-f8807-o1\" method=\"post\" class=\"wpcf7-form init wpcf7-acceptance-as-validation\" novalidate=\"novalidate\" data-status=\"init\">\n<div style=\"display: none;\">\n<input type=\"hidden\" name=\"_wpcf7\" value=\"8807\" \/>\n<input type=\"hidden\" name=\"_wpcf7_version\" value=\"5.5.6.1\" \/>\n<input type=\"hidden\" name=\"_wpcf7_locale\" value=\"lb_LU\" \/>\n<input type=\"hidden\" name=\"_wpcf7_unit_tag\" value=\"wpcf7-f8807-o1\" \/>\n<input type=\"hidden\" name=\"_wpcf7_container_post\" value=\"0\" \/>\n<input type=\"hidden\" name=\"_wpcf7_posted_data_hash\" value=\"\" \/>\n<\/div>\n<p>Les champs avec un ast\u00e9risque (*) sont obligatoires.<\/p>\n<p><label> Dates d\u00e9sir\u00e9es (*)<br \/>\n    du <span class=\"wpcf7-form-control-wrap chalet_start_date\"><input type=\"date\" name=\"chalet_start_date\" value=\"\" class=\"wpcf7-form-control wpcf7-date wpcf7-validates-as-required wpcf7-validates-as-date\" aria-required=\"true\" aria-invalid=\"false\" \/><\/span><\/label><label> au <span class=\"wpcf7-form-control-wrap chalet_end_date\"><input type=\"date\" name=\"chalet_end_date\" value=\"\" class=\"wpcf7-form-control wpcf7-date wpcf7-validates-as-required wpcf7-validates-as-date\" aria-required=\"true\" aria-invalid=\"false\" \/><\/span><\/label><\/p>\n<p><label> NOM et pr\u00e9nom du demandeur (*)<br \/>\n    <span class=\"wpcf7-form-control-wrap chalet_name\"><input type=\"text\" name=\"chalet_name\" value=\"\" size=\"40\" class=\"wpcf7-form-control wpcf7-text wpcf7-validates-as-required\" aria-required=\"true\" aria-invalid=\"false\" placeholder=\"NOM, Pr\u00e9nom\" \/><\/span> <\/label><\/p>\n<p><label> Troupe de guides \/ scouts (*) Le chalet ne peut \u00eatre r\u00e9serv\u00e9 que par les troupes de guides \/ scouts.<br \/>\n    <span class=\"wpcf7-form-control-wrap chalet_group\"><input type=\"text\" name=\"chalet_group\" value=\"\" size=\"40\" class=\"wpcf7-form-control wpcf7-text\" aria-invalid=\"false\" \/><\/span><\/label><\/p>\n<p><label> Adresse du demandeur (*)<br \/>\n    <span class=\"wpcf7-form-control-wrap chalet_address\"><input type=\"text\" name=\"chalet_address\" value=\"\" size=\"40\" class=\"wpcf7-form-control wpcf7-text wpcf7-validates-as-required\" aria-required=\"true\" aria-invalid=\"false\" \/><\/span> <\/label><\/p>\n<p><label> Num\u00e9ro de t\u00e9l\u00e9phone du demandeur (*)<br \/>\n    <span class=\"wpcf7-form-control-wrap chalet_mobile\"><input type=\"tel\" name=\"chalet_mobile\" value=\"\" size=\"40\" class=\"wpcf7-form-control wpcf7-text wpcf7-tel wpcf7-validates-as-required wpcf7-validates-as-tel\" aria-required=\"true\" aria-invalid=\"false\" \/><\/span><\/label><\/p>\n<p><label> Adresse email du demandeur (*)<br \/>\n    <span class=\"wpcf7-form-control-wrap chalet_email\"><input type=\"email\" name=\"chalet_email\" value=\"\" size=\"40\" class=\"wpcf7-form-control wpcf7-text wpcf7-email wpcf7-validates-as-required wpcf7-validates-as-email\" aria-required=\"true\" aria-invalid=\"false\" \/><\/span> <\/label><\/p>\n<p><label> Informations suppl\u00e9mentaires<br \/>\n    <span class=\"wpcf7-form-control-wrap chalet_message\"><textarea name=\"chalet_message\" cols=\"40\" rows=\"10\" class=\"wpcf7-form-control wpcf7-textarea\" aria-invalid=\"false\"><\/textarea><\/span> <\/label><\/p>\n<p><label><span class=\"wpcf7-form-control-wrap chalet_accept\"><span class=\"wpcf7-form-control wpcf7-acceptance\"><span class=\"wpcf7-list-item\"><label><input type=\"checkbox\" name=\"chalet_accept\" value=\"1\" aria-invalid=\"false\" \/><span class=\"wpcf7-list-item-label\">Je suis d'accord que mes donn\u00e9es soient trait\u00e9es et sauvegard\u00e9es dans le contexte de la r\u00e9servation du chalet de P\u00e9tange.*<\/span><\/label><\/span><\/span><\/span><\/label><\/p>\n<p>Nous utilisons Akismet pour r\u00e9duire le nombre de messages ind\u00e9sirables (spam). <a href=\"https:\/\/akismet.com\/privacy\/\">Apprenez comment vos donn\u00e9es sont trait\u00e9es.<\/a><\/p>\n<p><input type=\"submit\" value=\"Envoyer\" class=\"wpcf7-form-control has-spinner wpcf7-submit\" \/><\/p>\n<p style=\"display: none !important;\"><label>&#916;<textarea name=\"_wpcf7_ak_hp_textarea\" cols=\"45\" rows=\"8\" maxlength=\"100\"><\/textarea><\/label><input type=\"hidden\" id=\"ak_js_1\" name=\"_wpcf7_ak_js\" value=\"237\"\/><script>document.getElementById( \"ak_js_1\" ).setAttribute( \"value\", ( new Date() ).getTime() );<\/script><\/p><div class=\"wpcf7-response-output\" aria-hidden=\"true\"><\/div><\/form><\/div>\n<h3>R\u00e9servation par t\u00e9l\u00e9phone<\/h3>\n<p>Si vous pr\u00e9f\u00e9rez r\u00e9server par t\u00e9l\u00e9phone, veuillez contacter un des responsables du chalet:<\/p>\n<ul>\n<li>Fr\u00e4nz Dording +352 691 942 484\u202c<\/li>\n<\/ul>\n<p>&nbsp; &nbsp;<\/p>\n","protected":false},"excerpt":{"rendered":"<h1>Le chalet des guides et scouts de P\u00e9tange<\/h1>\n[nggallery id=52]\n<h2>Acc\u00e8s<\/h2>\n<p>Notre chalet est situ\u00e9 \u00e0 P\u00e9tange au Pr\u00ebnzebierg, dans la r\u00e9serve naturelle en suivant la rue Bellevue jusqu&rsquo;au bord de la for\u00eat. <em>Chalet Pr\u00ebnzebierg Rue Bellevue L&#8230;<\/p>\n","protected":false},"author":10,"featured_media":0,"parent":0,"menu_order":4,"comment_status":"open","ping_status":"closed","template":"","meta":{"ngg_post_thumbnail":0},"uagb_featured_image_src":{"full":false,"thumbnail":false,"medium":false,"medium_large":false,"large":false,"1536x1536":false,"2048x2048":false},"uagb_author_info":{"display_name":"Administrator","author_link":"https:\/\/lgspeiteng.lu\/fr_FR\/author\/lgsadmin"},"uagb_comment_info":3,"uagb_excerpt":"Le chalet des guides et scouts de P\u00e9tange [nggallery id=52] Acc\u00e8s Notre chalet est situ\u00e9 \u00e0 P\u00e9tange au Pr\u00ebnzebierg, dans la r\u00e9serve naturelle en suivant la rue Bellevue jusqu'au bord de la for\u00eat. Chalet Pr\u00ebnzebierg Rue Bellevue L...","_links":{"self":[{"href":"https:\/\/lgspeiteng.lu\/fr_FR\/wp-json\/wp\/v2\/pages\/932"}],"collection":[{"href":"https:\/\/lgspeiteng.lu\/fr_FR\/wp-json\/wp\/v2\/pages"}],"about":[{"href":"https:\/\/lgspeiteng.lu\/fr_FR\/wp-json\/wp\/v2\/types\/page"}],"author":[{"embeddable":true,"href":"https:\/\/lgspeiteng.lu\/fr_FR\/wp-json\/wp\/v2\/users\/10"}],"replies":[{"embeddable":true,"href":"https:\/\/lgspeiteng.lu\/fr_FR\/wp-json\/wp\/v2\/comments?post=932"}],"version-history":[{"count":34,"href":"https:\/\/lgspeiteng.lu\/fr_FR\/wp-json\/wp\/v2\/pages\/932\/revisions"}],"predecessor-version":[{"id":14364,"href":"https:\/\/lgspeiteng.lu\/fr_FR\/wp-json\/wp\/v2\/pages\/932\/revisions\/14364"}],"wp:attachment":[{"href":"https:\/\/lgspeiteng.lu\/fr_FR\/wp-json\/wp\/v2\/media?parent=932"}],"curies":[{"name":"wp","href":"https:\/\/api.w.org\/{rel}","templated":true}]}}